{"id":5828,"date":"2017-06-01T12:45:26","date_gmt":"2017-06-01T11:45:26","guid":{"rendered":"https:\/\/chezjan.com\/nl\/?page_id=5828"},"modified":"2017-09-27T11:24:49","modified_gmt":"2017-09-27T10:24:49","slug":"uitstapjes-in-zwitserland","status":"publish","type":"page","link":"https:\/\/chezjan.com\/nl\/uitstapjes-in-zwitserland\/","title":{"rendered":"Uitstapjes in Zwitserland"},"content":{"rendered":"<p>[vc_row][vc_column width=&#8221;1\/3&#8243;][\/vc_column][vc_column width=&#8221;1\/3&#8243;][vc_custom_heading text=&#8221;UITSTAPJES IN ZWITSERLAND&#8221; font_container=&#8221;tag:h1|font_size:28px|text_align:center&#8221; google_fonts=&#8221;font_family:Montserrat%3Aregular%2C700|font_style:700%20bold%20regular%3A700%3Anormal&#8221;][vc_separator color=&#8221;black&#8221; border_width=&#8221;3&#8243; el_width=&#8221;10&#8243;][\/vc_column][vc_column width=&#8221;1\/3&#8243;][\/vc_column][\/vc_row][vc_row][vc_column width=&#8221;1\/2&#8243;][vc_column_text]<\/p>\n<h2>Prachtige steden<\/h2>\n<p>De centrale locatie van boutique hotel Chez Jan maakt het logement de ideale uitvalsbasis voor verscheidene uitstapjes in Zwitserland. Het hotel is immers gesitueerd in het authentieke dorpje Morgins aan grens met Frankrijk en in het hart van Portes du Soleil, waarvandaan men met gemak befaamde steden als Montreux, Lausanne en Gen\u00e8ve bereikt alsmede enkele weelderige <a href=\"https:\/\/chezjan.com\/nl\/natuurparken-in-zwitserland-en-frankrijk-2\/\"><strong>natuurparken in Zwitserland<\/strong><\/a> bezoekt. We voorzien u graag van nadere informatie met betrekking tot de mogelijkheden voor uitstapjes in Zwitserland en Frankrijk.[\/vc_column_text][vc_column_text]<\/p>\n<h2>Montreux<\/h2>\n<p>Evenals Gen\u00e8ve en Lausanna, verblijft ook Montreux aan de oevers van het meer van Gen\u00e8ve. De stad kent hoofdzakelijk een muzikaal karakter. Toonaangevende artiesten als het immens geliefde Queen en de bewonderenswaardige Rolling Stones hebben er werken opgenomen en jaarlijks vindt er een jazz festival met de groten der aarde plaats.[\/vc_column_text][\/vc_column][vc_column width=&#8221;1\/2&#8243;][vc_column_text]<\/p>\n<h2>Gen\u00e8ve<\/h2>\n<p>Het roemrijke Gen\u00e8ve geldt als \u00e9\u00e9n van de populairste uitstapjes in Zwitserland. De stad kent een rijke historie en omhelst dientengevolge een omvangrijk arsenaal aan imposante musea en architectonische bouwwerken van majestueuze proporties.<\/p>\n<h2>Lausanne<\/h2>\n<p>Lausanne beschikt over een picturale ligging aan het meer van Gen\u00e8ve waarbij het geniet van een adembenemend panorama van de Savooise Alpen. De stad heeft sport en cultuur hoog in het vaandel staan, waardoor het geldt als de Olympische hoofdstad. Derhalve vindt men er diverse Olympische musea alsook paleisachtig aandoende gebouwen welke een unieke zuidelijke sfeer ademenen.[\/vc_column_text][\/vc_column][\/vc_row][vc_row][vc_column][vc_btn title=&#8221;Neem contact op&#8221; style=&#8221;classic&#8221; shape=&#8221;square&#8221; color=&#8221;black&#8221; size=&#8221;lg&#8221; align=&#8221;center&#8221; link=&#8221;url:%2Fnl%2Fcontact%2F||&#8221;][\/vc_column][\/vc_row][vc_row][vc_column][vc_column_text]<img loading=\"lazy\" decoding=\"async\" class=\"alignnone wp-image-7042\" src=\"https:\/\/chezjan.com\/wp-content\/uploads\/2017\/06\/Uitstapjes.png\" alt=\"Uitstapjes in Zwitserland\" width=\"1259\" height=\"731\" srcset=\"https:\/\/chezjan.com\/wp-content\/uploads\/2017\/06\/Uitstapjes.png 720w, https:\/\/chezjan.com\/wp-content\/uploads\/2017\/06\/Uitstapjes-300x174.png 300w, https:\/\/chezjan.com\/wp-content\/uploads\/2017\/06\/Uitstapjes-146x85.png 146w, https:\/\/chezjan.com\/wp-content\/uploads\/2017\/06\/Uitstapjes-255x148.png 255w, https:\/\/chezjan.com\/wp-content\/uploads\/2017\/06\/Uitstapjes-138x80.png 138w, https:\/\/chezjan.com\/wp-content\/uploads\/2017\/06\/Uitstapjes-69x40.png 69w, https:\/\/chezjan.com\/wp-content\/uploads\/2017\/06\/Uitstapjes-480x279.png 480w, https:\/\/chezjan.com\/wp-content\/uploads\/2017\/06\/Uitstapjes-500x290.png 500w, https:\/\/chezjan.com\/wp-content\/uploads\/2017\/06\/Uitstapjes-360x209.png 360w\" sizes=\"auto, (max-width: 1259px) 100vw, 1259px\" \/>[\/vc_column_text][\/vc_column][\/vc_row][vc_row][vc_column][vc_column_text]<\/p>\n<h2>Boutique hotel Chez Jan<\/h2>\n<p>Boutique hotel Chez Jan vormt met haar centrale ligging een voortreffelijk onderkomen voor reizigers die beogen uitstapjes in Zwitserland te ondernemen. Het logement beschikt over een selecte hoeveelheid exquisiete kamers en suites, welke gekenmerkt worden door een weelderige luxe en smaakvolle inrichting. Chez Jan telt evenzeer een eigentijds <a href=\"https:\/\/chezjan.com\/nl\/wellness-in-zwitserland\/\"><strong>wellness center<\/strong><\/a> met sauna- en hammamfaciliteiten alsmede het meest intieme <a href=\"https:\/\/chezjan.com\/nl\/restaurants-in-morgins\/\"><strong>restaurant in Morgins<\/strong><\/a> waar u verrast wordt met sauzen en spijzen uit de Franse en Zwitserse cuisine. Neem contact op voor de mogelijkheden of beleef de luxe van boutique hotel Chez Jan, la pension de Morgins.[\/vc_column_text][\/vc_column][\/vc_row][vc_row][vc_column][vc_btn title=&#8221;Boek een kamer&#8221; style=&#8221;classic&#8221; shape=&#8221;square&#8221; color=&#8221;black&#8221; size=&#8221;lg&#8221; align=&#8221;center&#8221; link=&#8221;url:https%3A%2F%2Fapi.mews.com%2Fdistributor%2Fa9fe454c-af92-4d97-9b5f-ae1b00966fa3||&#8221;][\/vc_column][\/vc_row]<\/p>","protected":false},"excerpt":{"rendered":"<p>[vc_row][vc_column width=&#8221;1\/3&#8243;][\/vc_column][vc_column width=&#8221;1\/3&#8243;][vc_custom_heading text=&#8221;UITSTAPJES IN ZWITSERLAND&#8221; font_container=&#8221;tag:h1|font_size:28px|text_align:center&#8221; google_fonts=&#8221;font_family:Montserrat%3Aregular%2C700|font_style:700%20bold%20regular%3A700%3Anormal&#8221;][vc_separator color=&#8221;black&#8221; border_width=&#8221;3&#8243; el_width=&#8221;10&#8243;][\/vc_column][vc_column width=&#8221;1\/3&#8243;][\/vc_column][\/vc_row][vc_row][vc_column width=&#8221;1\/2&#8243;][vc_column_text] Prachtige steden De centrale locatie van boutique hotel Chez Jan maakt het logement de ideale uitvalsbasis voor verscheidene uitstapjes in Zwitserland. Het hotel is immers gesitueerd in &hellip; <a href=\"https:\/\/chezjan.com\/nl\/uitstapjes-in-zwitserland\/\">Read More<\/a><\/p>\n","protected":false},"author":2,"featured_media":0,"parent":0,"menu_order":3,"comment_status":"closed","ping_status":"closed","template":"","meta":{"footnotes":""},"yst_prominent_words":[953,951,84,80,954,887,880,59,702,645,1048,891,679,611,952,489,850,849,848,956],"class_list":["post-5828","page","type-page","status-publish","hentry"],"_links":{"self":[{"href":"https:\/\/chezjan.com\/nl\/wp-json\/wp\/v2\/pages\/5828\/"}],"collection":[{"href":"https:\/\/chezjan.com\/nl\/wp-json\/wp\/v2\/pages\/"}],"about":[{"href":"https:\/\/chezjan.com\/nl\/wp-json\/wp\/v2\/types\/page\/"}],"author":[{"embeddable":true,"href":"https:\/\/chezjan.com\/nl\/wp-json\/wp\/v2\/users\/2\/"}],"replies":[{"embeddable":true,"href":"https:\/\/chezjan.com\/nl\/wp-json\/wp\/v2\/comments\/?post=5828"}],"version-history":[{"count":10,"href":"https:\/\/chezjan.com\/nl\/wp-json\/wp\/v2\/pages\/5828\/revisions\/"}],"predecessor-version":[{"id":20774,"href":"https:\/\/chezjan.com\/nl\/wp-json\/wp\/v2\/pages\/5828\/revisions\/20774\/"}],"wp:attachment":[{"href":"https:\/\/chezjan.com\/nl\/wp-json\/wp\/v2\/media\/?parent=5828"}],"wp:term":[{"taxonomy":"yst_prominent_words","embeddable":true,"href":"https:\/\/chezjan.com\/nl\/wp-json\/wp\/v2\/yst_prominent_words\/?post=5828"}],"curies":[{"name":"wp","href":"https:\/\/api.w.org\/{rel}","templated":true}]}}