{"id":4647,"date":"2017-05-03T14:36:54","date_gmt":"2017-05-03T13:36:54","guid":{"rendered":"https:\/\/chezjan.com\/nl\/?page_id=4647"},"modified":"2017-08-01T13:03:17","modified_gmt":"2017-08-01T12:03:17","slug":"skigebied-portes-du-soleil","status":"publish","type":"page","link":"https:\/\/chezjan.com\/nl\/skigebied-portes-du-soleil\/","title":{"rendered":"Skigebied Portes du Soleil"},"content":{"rendered":"<p>[vc_row css=&#8221;.vc_custom_1473086579561{padding-top: 20px !important;}&#8221;][vc_column width=&#8221;1\/3&#8243;][\/vc_column][vc_column width=&#8221;1\/3&#8243;][vc_custom_heading text=&#8221;PORTES DU SOLEIL&#8221; font_container=&#8221;tag:h1|font_size:28px|text_align:center|line_height:28px&#8221; google_fonts=&#8221;font_family:Montserrat%3Aregular%2C700|font_style:700%20bold%20regular%3A700%3Anormal&#8221;][vc_separator color=&#8221;black&#8221; border_width=&#8221;3&#8243; el_width=&#8221;10&#8243;][\/vc_column][vc_column width=&#8221;1\/3&#8243;][\/vc_column][\/vc_row][vc_row][vc_column width=&#8221;1\/2&#8243;][vc_column_text]Skigebied Portes du Soleil behoort tot \u2019s werelds meest omvangrijke skigebieden. In Morgins wordt u overspoeld door een overweldigend aantal blauwe en rode pistes. Echter, ook voor de geoefende wintersporter herbergt de streek vele zinnenprikkelende perspectieven, waaronder off-piste gelegenheden en \u00a0uitgestrekte routes langs picturale dorpjes in zowel Frankrijk als Zwitserland. Tussen het ski\u00ebn door kunt u uitrusten bij \u00e9\u00e9n van de talrijke alpenhutjes, waar er authentieke gerechten en regionale specialiteiten worden geserveerd. We tonen u graag de pistekaart. Laat u inspireren door de betoverende omgeving.<\/p>\n<h2>Morgins in skigebied Portes du Soleil<\/h2>\n<p>In de kern van het weidse skigebied Portes du Soleil bevindt zich het immer pittoreske Morgins. Het authentieke dorpje wordt gekarakteriseerd door de charmante gastvrijheid van haar bewoners en het prachtige uitzicht op de bergen en is gesitueerd aan de Franse grens, waardoor men via de bergpas <em>Pas de Morgins<\/em> richting het Franse dorpje Ch\u00e2tel kan trekken.\u00a0Daarnaast beschikt het over alle gemakken, waaronder lieflijke restaurantjes,[\/vc_column_text][\/vc_column][vc_column width=&#8221;1\/2&#8243;][vc_column_text]praktische skiliften, sportcentra en evenzeer bevindt zich een <a href=\"https:\/\/www.chezjan.com\/nl\/morgins-ski-school\">skischool in Morgins<\/a>. Het vakantieoord is omgeven door adembenemende natuur, wat het een eldorado maakt voor mensen die willen wandelen, mountainbiken of <a href=\"\/fietsen-in-zwitserland\">fietsen in Zwitserland<\/a> en Frankrijk.<\/p>\n<h2>Hotel Chez Jan in Morgins<\/h2>\n<p>Chez Jan is een luxe hotel in Zwitserland, gesitueerd in het centrum van het sfeervolle Morgins. Het boutique hotel beschikt over slechts 20 kamers en suites welke uitblinken in zowel hedendaags als een sfeervol cachet. U wordt er van \u2019s ochtends vroeg tot \u2019s avonds laat geheel ontzorgt, zodat u optimaal kunt genieten van uw welverdiende vrije tijd. Chez Jan voorziet u daarbij van een eigentijds wellness center, een verwarmde opslagruimte voor skiuitrusting en wellicht het meest charmante <a href=\"https:\/\/chezjan.com\/nl\/restaurants-in-morgins\/\">restaurant in Morgins<\/a>. Voor meer informatie omtrent de faciliteiten van boutique hotel Chez Jan kunt u altijd contact met ons opnemen. We infomeren u graag over de mogelijkheden van het hotel alsmede van skigebied Portes du Soleil.[\/vc_column_text][\/vc_column][\/vc_row][vc_row full_width=&#8221;stretch_row&#8221; css=&#8221;.vc_custom_1473082450481{padding-top: 200px !important;padding-bottom: 200px !important;background-image: url(https:\/\/chezjan.com\/wp-content\/uploads\/2015\/10\/CHEZJAN_Portes-du-soleil.jpg?id=417) !important;background-position: center !important;background-repeat: no-repeat !important;background-size: cover !important;}&#8221; el_class=&#8221;background-fixed&#8221;][vc_column][\/vc_column][\/vc_row]<\/p>","protected":false},"excerpt":{"rendered":"<p>[vc_row css=&#8221;.vc_custom_1473086579561{padding-top: 20px !important;}&#8221;][vc_column width=&#8221;1\/3&#8243;][\/vc_column][vc_column width=&#8221;1\/3&#8243;][vc_custom_heading text=&#8221;PORTES DU SOLEIL&#8221; font_container=&#8221;tag:h1|font_size:28px|text_align:center|line_height:28px&#8221; google_fonts=&#8221;font_family:Montserrat%3Aregular%2C700|font_style:700%20bold%20regular%3A700%3Anormal&#8221;][vc_separator color=&#8221;black&#8221; border_width=&#8221;3&#8243; el_width=&#8221;10&#8243;][\/vc_column][vc_column width=&#8221;1\/3&#8243;][\/vc_column][\/vc_row][vc_row][vc_column width=&#8221;1\/2&#8243;][vc_column_text]Skigebied Portes du Soleil behoort tot \u2019s werelds meest omvangrijke skigebieden. In Morgins wordt u overspoeld door een overweldigend aantal blauwe en rode pistes. Echter, &hellip; <a href=\"https:\/\/chezjan.com\/nl\/skigebied-portes-du-soleil\/\">Read More<\/a><\/p>\n","protected":false},"author":2,"featured_media":0,"parent":0,"menu_order":39,"comment_status":"closed","ping_status":"closed","template":"","meta":{"footnotes":""},"yst_prominent_words":[671,84,63,59,668,673,645,642,86,675,218,214,219,216,212,220,674,672,670,85],"class_list":["post-4647","page","type-page","status-publish","hentry"],"_links":{"self":[{"href":"https:\/\/chezjan.com\/nl\/wp-json\/wp\/v2\/pages\/4647\/"}],"collection":[{"href":"https:\/\/chezjan.com\/nl\/wp-json\/wp\/v2\/pages\/"}],"about":[{"href":"https:\/\/chezjan.com\/nl\/wp-json\/wp\/v2\/types\/page\/"}],"author":[{"embeddable":true,"href":"https:\/\/chezjan.com\/nl\/wp-json\/wp\/v2\/users\/2\/"}],"replies":[{"embeddable":true,"href":"https:\/\/chezjan.com\/nl\/wp-json\/wp\/v2\/comments\/?post=4647"}],"version-history":[{"count":11,"href":"https:\/\/chezjan.com\/nl\/wp-json\/wp\/v2\/pages\/4647\/revisions\/"}],"predecessor-version":[{"id":14881,"href":"https:\/\/chezjan.com\/nl\/wp-json\/wp\/v2\/pages\/4647\/revisions\/14881\/"}],"wp:attachment":[{"href":"https:\/\/chezjan.com\/nl\/wp-json\/wp\/v2\/media\/?parent=4647"}],"wp:term":[{"taxonomy":"yst_prominent_words","embeddable":true,"href":"https:\/\/chezjan.com\/nl\/wp-json\/wp\/v2\/yst_prominent_words\/?post=4647"}],"curies":[{"name":"wp","href":"https:\/\/api.w.org\/{rel}","templated":true}]}}