{"id":607,"date":"2015-10-17T05:08:48","date_gmt":"2015-10-17T04:08:48","guid":{"rendered":"https:\/\/chezjan.com\/de\/?page_id=607"},"modified":"2017-05-11T13:14:01","modified_gmt":"2017-05-11T12:14:01","slug":"umgebung","status":"publish","type":"page","link":"https:\/\/chezjan.com\/de\/umgebung\/","title":{"rendered":"Umgebung"},"content":{"rendered":"<p>[vc_row css=&#8220;.vc_custom_1473086579561{padding-top: 20px !important;}&#8220;][vc_column width=&#8220;1\/4&#8243;][\/vc_column][vc_column width=&#8220;1\/2&#8243;][vc_custom_heading text=&#8220;ENTDECKEN SIE MORGINS&#8220; font_container=&#8220;tag:h1|font_size:28px|text_align:center|line_height:28px&#8220; google_fonts=&#8220;font_family:Montserrat%3Aregular%2C700|font_style:700%20bold%20regular%3A700%3Anormal&#8220;][vc_separator color=&#8220;black&#8220; border_width=&#8220;3&#8243; el_width=&#8220;10&#8243;][\/vc_column][vc_column width=&#8220;1\/4&#8243;][\/vc_column][\/vc_row][vc_row][vc_column width=&#8220;1\/2&#8243;][vc_column_text]<\/p>\n<h2>Willkommen in Morgins<\/h2>\n<p>Morgins liegt in zentraler Lage in Portes du Soleil und hat fast ein holl\u00e4ndisches Flair. Das Dorf ist wegen seiner fantastischen Aussicht bekannt. Es gibt keine hohen Geb\u00e4ude, die die Aussicht versperren, hier herrscht ein l\u00e4ndliches Ambiente. Morgins hat ein kompaktes Zentrum, unter anderem mit 2 Superm\u00e4rkten. Es gibt auch 3 Skischulen und einige Caf\u00e9s mit unterschiedlichem Publikum: von hip und trendy bis gem\u00fctlich und traditionell. Kurz und gut: Hier gibt es f\u00fcr jeden etwas.<\/p>\n<h2>Mitten in Europa, mit jedem Komfort ausgestattet<\/h2>\n<p>Der Ort liegt im Herzen Europas, nicht weit von Genf (90 Minuten), Lausanne (50 Minuten), Montreux (30 Minuten) und Mailand (3,5 Stunden), auf 1400 Meter H\u00f6he zwischen Bergen, W\u00e4ldern und Fl\u00fcssen und in der N\u00e4he der franz\u00f6sischen Grenze. In Morgins sind zahlreiche verschiedene Baustile zu finden, was dem Ort einen etwas chaotischen Charakter verleiht.[\/vc_column_text][\/vc_column][vc_column width=&#8220;1\/2&#8243;][vc_empty_space height=&#8220;20px&#8220;][vc_column_text]Im Sommer k\u00f6nnen Sie zahlreiche Festivit\u00e4ten miterleben, wie lokale M\u00e4rkte besuchen (die Buvettes d&#8217;alpage) und in Bergh\u00f6fen mit einer eigenen K\u00fcche lokale Produkte kosten. Das Gebiet ist auch wie geschaffen zum Wandern. Die Wanderwege in dem Gebiet f\u00fchren durch insgesamt etwa 800 Kilometer voller Natursch\u00f6nheiten.<\/p>\n<h2>Attraktive Aktivit\u00e4ten zu allen Jahreszeiten<\/h2>\n<p>Andere Sommer-Aktivit\u00e4ten sind unter anderem Mountainbiken (mit einer 80 km langen Endurtotour), ein Besuch des Schwimmbades mit einer riesigen Liegewiese oder ein Ritt mit dem Pferd von der Reitschule aus. Im Winter befinden Sie sich mitten im Skigebiet Portes du Soleil mit 650 Kilometer Piste. Auch die Ortschaften Morzine, Abondance, Avoriaz, Champoussin und Les Crosets liegen im Skigebiet Portes du Soleil. F\u00fcr weitere Informationen und\/oder Fragen nehmen Sie bitte Kontakt mit dem Fremdenverkehrsamt (Office de Tourisme) auf.<\/p>\n<p>M\u00f6chten Sie au\u00dfer unserer K\u00fcche auch einmal etwas anderes essen? Unten sehen Sie acht Vorschl\u00e4ge. Dabei haben wir das reichhaltige Angebot an Gastst\u00e4tten in Morgins so gut wie m\u00f6glich ber\u00fccksichtigt.<br \/>\n[\/vc_column_text][\/vc_column][\/vc_row][vc_row][vc_column width=&#8220;1\/4&#8243;][vc_single_image image=&#8220;821&#8243; img_size=&#8220;full&#8220;][vc_column_text]<\/p>\n<p style=\"text-align: center;\"><a style=\"text-align: center; font-size: 18px; font-weight: 600; color: #43403e;\" title=\"La Pive\" href=\"https:\/\/www.facebook.com\/lapivemorgins\/\" target=\"_blank\">La Pive<\/a><\/p>\n<p style=\"text-align: center;\">Ein angenehmes Restaurant mit einer ausgiebigen Auswahl an Gerichten und einer sagenhaften Aussicht.<\/p>\n<p>[\/vc_column_text][\/vc_column][vc_column width=&#8220;1\/4&#8243;][vc_single_image image=&#8220;817&#8243; img_size=&#8220;full&#8220;][vc_column_text]<\/p>\n<p style=\"text-align: center;\"><a style=\"text-align: center; font-size: 18px; font-weight: 600; color: #43403e;\" title=\"La Pive\" href=\"https:\/\/www.facebook.com\/Caf\u00e9Restaurant-Les-Fontaines-Blanches-103039973088094\/\" target=\"_blank\">Les Fontaines Blanches<\/a><\/p>\n<p style=\"text-align: center;\">Dieses Familienrestaurant hat einen prachtvollen Speisesaal und eine k\u00f6stliche Speisekarte.<\/p>\n<p>[\/vc_column_text][\/vc_column][vc_column width=&#8220;1\/4&#8243;][vc_single_image image=&#8220;813&#8243; img_size=&#8220;full&#8220;][vc_column_text]<\/p>\n<p style=\"text-align: center;\"><a style=\"text-align: center; font-size: 18px; font-weight: 600; color: #43403e;\" title=\"La Pive\" href=\"https:\/\/www.facebook.com\/Buvette-des-Sports-207660135916699\/\" target=\"_blank\">La Buvette des Sports<\/a><\/p>\n<p style=\"text-align: center;\">Dieses gem\u00fctliche Restaurant ist insbesondere f\u00fcr sein Fleisch- und K\u00e4sefondue bekannt.<\/p>\n<p>[\/vc_column_text][\/vc_column][vc_column width=&#8220;1\/4&#8243;][vc_single_image image=&#8220;797&#8243; img_size=&#8220;full&#8220;][vc_column_text]<\/p>\n<p style=\"text-align: center;\"><a style=\"text-align: center; font-size: 18px; font-weight: 600; color: #43403e;\" title=\"La Pive\" href=\"http:\/\/www.blackchili.ch\/en\/\" target=\"_blank\">Le Black Chili<\/a><\/p>\n<p style=\"text-align: center;\">Ein Restaurant im gehobenen Preissegment, in dem Sie herrlich schlemmen k\u00f6nnen.<\/p>\n<p>[\/vc_column_text][\/vc_column][\/vc_row][vc_row css=&#8220;.vc_custom_1473086587221{padding-bottom: 20px !important;}&#8220;][vc_column width=&#8220;1\/4&#8243;][vc_single_image image=&#8220;801&#8243; img_size=&#8220;full&#8220;][vc_column_text]<\/p>\n<p style=\"text-align: center;\"><a style=\"text-align: center; font-size: 18px; font-weight: 600; color: #43403e;\" title=\"La Pive\" href=\"https:\/\/www.facebook.com\/leDi.vinsMorgins\/\" target=\"_blank\">Le Di-Vins<\/a><\/p>\n<p style=\"text-align: center;\">Dieses Restaurant ist bekannt f\u00fcr seine frischen Gerichte und den fantastischen Service.<\/p>\n<p>[\/vc_column_text][\/vc_column][vc_column width=&#8220;1\/4&#8243;][vc_single_image image=&#8220;805&#8243; img_size=&#8220;full&#8220;][vc_column_text]<\/p>\n<p style=\"text-align: center;\"><a style=\"text-align: center; font-size: 18px; font-weight: 600; color: #43403e;\" title=\"La Pive\" href=\"http:\/\/www.morgins-loisirs.ch\/index.php\/centre-sportif\/cafe-restaurant\" target=\"_blank\">Restaurant du Centre Sportif<\/a><\/p>\n<p style=\"text-align: center;\">Ein typisch Schweizer Restaurant mit einem herrlichen Angebot an k\u00f6stlichen Speisen.<\/p>\n<p>[\/vc_column_text][\/vc_column][vc_column width=&#8220;1\/4&#8243;][vc_single_image image=&#8220;809&#8243; img_size=&#8220;full&#8220;][vc_column_text]<\/p>\n<p style=\"text-align: center;\"><a style=\"text-align: center; font-size: 18px; font-weight: 600; color: #43403e;\" title=\"La Pive\" href=\"http:\/\/www.morgins.ch\/restaurant-morgins.html\" target=\"_blank\">Pizzeria C-l\u00e0<\/a><\/p>\n<p style=\"text-align: center;\">Eine ausgesprochen kinderfreundliche Pizzeria mit einer umfassenden Auswahl an Pizzas.<\/p>\n<p>[\/vc_column_text][\/vc_column][vc_column width=&#8220;1\/4&#8243;][vc_single_image image=&#8220;886&#8243; img_size=&#8220;255&#215;170&#8243;][vc_column_text]<\/p>\n<p style=\"text-align: center;\"><a style=\"text-align: center; font-size: 18px; font-weight: 600; color: #43403e;\" title=\"La Pive\" href=\"https:\/\/www.facebook.com\/La-R%C3%A9serve-Avoriaz-188637557813437\" target=\"_blank\">La R\u00e9serve (France)<\/a><\/p>\n<p style=\"text-align: center;\">In diesem stimmungsvollen Restaurant k\u00f6nnen Sie unter anderem eine herzhafte Grillmahlzeit genie\u00dfen.<\/p>\n<p>[\/vc_column_text][\/vc_column][\/vc_row][vc_row full_width=&#8220;stretch_row&#8220; css=&#8220;.vc_custom_1473080342727{padding-top: 65px !important;padding-bottom: 65px !important;background-image: url(https:\/\/chezjan.com\/wp-content\/uploads\/2015\/10\/location_tour_winter-e1446026947552.jpg?id=308) !important;background-position: center !important;background-repeat: no-repeat !important;background-size: cover !important;}&#8220;][vc_column width=&#8220;1\/2&#8243;][vc_column_text]<\/p>\n<h2 style=\"color: white;\">SKI RESORT PORTES DU SOLEIL<\/h2>\n<p style=\"color: white;\">Morgins liegt im internationalen Feriengebiet Portes du Soleil. Das gr\u00f6\u00dfte miteinander verbundene internationale Skigebiet der Welt liegt Ihnen dort zu F\u00fc\u00dfen: 2 L\u00e4nder, 14 Ferienorte, 650 km Pisten aller Schwierigkeitsgrade, knapp 200 Bergbahnen, Snowparks, Halfpipes, Boarder X und Snowcross, Hunderte km Freeride und 1 Skipass. Es ist kaum m\u00f6glich, das Skigebiet Portes du Soleil nur mit ein paar Worten vorzustellen.<\/p>\n<p style=\"color: white;\">Typisch und sehr wertvoll f\u00fcr diese Region sind auch die gro\u00dfe Freundschaft zwischen den beiden Nachbarl\u00e4ndern und die charmante Gastfreundschaft der Einheimischen. Da jeder Skiort seine eigene Identit\u00e4t beh\u00e4lt und einzigartige Aktivit\u00e4ten anbietet, bilden die franz\u00f6sisch-schweizerischen Skiorte ein interessantes und reizvolles Ferienziel.<\/p>\n<p>[\/vc_column_text][vc_btn title=&#8220;Bekijk Pistekaart&#8220; style=&#8220;outline&#8220; shape=&#8220;square&#8220; color=&#8220;default&#8220; link=&#8220;url:%2Fenvirons%2F%23%2Fpistes|title:Pistes|&#8220;][\/vc_column][vc_column width=&#8220;1\/2&#8243;][vc_empty_space height=&#8220;66px&#8220;][vc_column_text]<\/p>\n<p style=\"color: white;\">Ob als Neuling oder als bereits erprobter Skifahrer, jeder entdeckt zauberhafte Landschaften.<\/p>\n<p style=\"color: white;\">Wintersport hat hier eine lange Tradition und kann in jeder Form ausge\u00fcbt werden. Sie \u00fcberqueren hier die franz\u00f6sisch\u2013schweizerische Grenze auf Skiern, mit dem Snowboard, beim Schneeschuhlaufen und Winterwandern oder beim Gleitschirmfliegen. Unz\u00e4hlige traditionelle Bergh\u00fctten hei\u00dfen Sie auf den Pisten willkommen. Folgen Sie dem Pass\u2019Gourmet, um erlesene Walliser und Savoyer Spezialit\u00e4ten bei stimmungsvoller Bergh\u00fcttenromantik zu genie\u00dfen!<\/p>\n<p style=\"color: white;\">Wir empfehlen Ihnen, einen professionellen Skilehrer, der das Gebiet wie seine Westentasche kennt, bei der Morgins Ski&amp;Snowboard Schule M3S zu buchen.<\/p>\n<p>[\/vc_column_text][\/vc_column][\/vc_row][vc_row css=&#8220;.vc_custom_1473086665860{padding-top: 40px !important;}&#8220;][vc_column][vc_custom_heading text=&#8220;TIPPS WINTERSAISON<br \/>\n&#8220; font_container=&#8220;tag:h2|font_size:28px|text_align:center|line_height:28px&#8220; google_fonts=&#8220;font_family:Montserrat%3Aregular%2C700|font_style:700%20bold%20regular%3A700%3Anormal&#8220;][vc_separator color=&#8220;black&#8220; border_width=&#8220;3&#8243; el_width=&#8220;10&#8243;][\/vc_column][\/vc_row][vc_row][vc_column width=&#8220;1\/2&#8243;][vc_column_text]<\/p>\n<div class=\"service-blok\">\n<div class=\"service-icon\"><img decoding=\"async\" style=\"margin-left: -9px!important; width: 60px;\" src=\"\/wp-content\/uploads\/2015\/10\/plate-e1473321726206.png\" alt=\"Icon Chez Jan\" \/><\/div>\n<div class=\"service-tekst\">\n<h3>Restaurant La R\u00e9serve in Avoriaz<\/h3>\n<p>Hier k\u00f6nnen Sie w\u00e4hrend eines Ski-Tages eine Kleinigkeit oder ein komplettes Men\u00fc genie\u00dfen. Unser Tipp ist das Restaurant La R\u00e9serve in Avoriaz.<\/p>\n<\/div>\n<\/div>\n<p>[\/vc_column_text][\/vc_column][vc_column width=&#8220;1\/2&#8243;][vc_column_text]<\/p>\n<div class=\"service-blok\">\n<div class=\"service-icon\"><i class='med-icon accent glyphicons fire'><\/i><\/div>\n<div class=\"service-tekst\">\n<h3>Offener Kamin<\/h3>\n<p>Nach einem Tag an der frischen Luft am offenen Kamin aufw\u00e4rmen.<\/p>\n<\/div>\n<\/div>\n<p>[\/vc_column_text][\/vc_column][\/vc_row][vc_row css=&#8220;.vc_custom_1473086658507{padding-bottom: 120px !important;}&#8220;][vc_column width=&#8220;1\/2&#8243;][vc_column_text]<\/p>\n<div class=\"service-blok\">\n<div class=\"service-icon\"><i class='med-icon accent glyphicons flaticon-ski-resort'><\/i><\/div>\n<div class=\"service-tekst\">\n<h3>Ski Resort Portes du Soleil<\/h3>\n<p>Chez Jan befindet sich fu\u00dfl\u00e4ufig vom gro\u00dfen Foilleuse-Lift. Dieser Sessellift bringt Sie mitten in das 650 km gro\u00dfe Skigebiet.<\/p>\n<\/div>\n<\/div>\n<p>[\/vc_column_text][\/vc_column][vc_column width=&#8220;1\/2&#8243;][vc_column_text]<\/p>\n<div class=\"service-blok\">\n<div class=\"service-icon\"><i class='med-icon accent glyphicons snowflake'><\/i><\/div>\n<div class=\"service-tekst\">\n<h3>Ski- und Snowboard-Schule<\/h3>\n<p>Sind Sie noch kein erfahrener Skifahrer oder Snowboarder?<br \/>\n<a href=\"http:\/\/www.snowline.ch\/\" target=\"_blank\"> Morgins Ski- und Snowboard-Schule<\/a><\/p>\n<\/div>\n<\/div>\n<p>[\/vc_column_text][\/vc_column][\/vc_row][vc_row full_width=&#8220;stretch_row&#8220; css=&#8220;.vc_custom_1473082450481{padding-top: 200px !important;padding-bottom: 200px !important;background-image: url(https:\/\/chezjan.com\/wp-content\/uploads\/2015\/10\/CHEZJAN_Portes-du-soleil.jpg?id=417) !important;background-position: center !important;background-repeat: no-repeat !important;background-size: cover !important;}&#8220; el_class=&#8220;background-fixed&#8220;][vc_column][\/vc_column][\/vc_row][vc_row full_width=&#8220;stretch_row&#8220; css=&#8220;.vc_custom_1473080342727{padding-top: 65px !important;padding-bottom: 65px !important;background-image: url(https:\/\/chezjan.com\/wp-content\/uploads\/2015\/10\/location_tour_winter-e1446026947552.jpg?id=308) !important;background-position: center !important;background-repeat: no-repeat !important;background-size: cover !important;}&#8220;][vc_column width=&#8220;1\/2&#8243;][vc_column_text]<\/p>\n<h2 style=\"color: white;\">MOUNTAINBIKING PORTES DU SOLEIL<\/h2>\n<p style=\"color: white;\">Portes du Soleil ist schlichtweg das Biker-Mekka in Europa und Morgins liegt genau in der Mitte. Die 1.000 km Bike Trails und die 24 Bergbahnen lassen jedes Bikerherz h\u00f6her schlagen. Ob Downhill Enduro oder E-Bike, Anf\u00e4nger oder Fortgeschrittene, ein Adrenalin-Kick ist garantiert.<\/p>\n<p>[\/vc_column_text][vc_btn title=&#8220;Schauen Sie sich die Pistenkarte an&#8220; style=&#8220;outline&#8220; shape=&#8220;square&#8220; color=&#8220;default&#8220; link=&#8220;url:%2Fenvirons%2F%23%2Fpistes|title:Pistes|&#8220;][\/vc_column][vc_column width=&#8220;1\/2&#8243;][vc_empty_space height=&#8220;66px&#8220;][vc_column_text]<\/p>\n<p style=\"color: white;\">Den Downhill Trails in Morgins wird nachgesagt, sie seien die besten in der PDS und der Pump Track mitten im Dorf ist einer der ersten \u00fcberhaupt. Seit 1987 ist der Bike pro Shop by Snowline auf die Vermietung von Mountain Bikes spezialisiert und vom Monat Mai bis September geh\u00f6rt eine professionelle Werkstatt zu den Hauptaktivit\u00e4ten.<\/p>\n<p>[\/vc_column_text][\/vc_column][\/vc_row][vc_row css=&#8220;.vc_custom_1473086680398{padding-top: 40px !important;}&#8220;][vc_column][vc_custom_heading text=&#8220;TIPS SOMMERSAISON&#8220; font_container=&#8220;tag:h2|font_size:28px|text_align:center|line_height:28px&#8220; google_fonts=&#8220;font_family:Montserrat%3Aregular%2C700|font_style:700%20bold%20regular%3A700%3Anormal&#8220;][vc_separator color=&#8220;black&#8220; border_width=&#8220;3&#8243; el_width=&#8220;10&#8243;][\/vc_column][\/vc_row][vc_row][vc_column width=&#8220;1\/2&#8243;][vc_column_text]<\/p>\n<div class=\"service-blok\">\n<div class=\"service-icon\"><i class='med-icon accent glyphicons bicycle'><\/i><\/div>\n<div class=\"service-tekst\">\n<h3>Mountainbike<\/h3>\n<p>Nehmen Sie an einer Enduro-Tour f\u00fcr Mountainbiker mit einer L\u00e4nge von 80 km teil.<\/p>\n<\/div>\n<\/div>\n<p>[\/vc_column_text][\/vc_column][vc_column width=&#8220;1\/2&#8243;][vc_column_text]<\/p>\n<div class=\"service-blok\">\n<div class=\"service-icon\"><i class='med-icon accent glyphicons flaticon-walk12'><\/i><\/div>\n<div class=\"service-tekst\">\n<h3>Wandern<\/h3>\n<p>Unternehmen Sie eine Wanderung durch das Gebiet mit sage und schreibe 800 km langen Wanderwegen. Oder nehmen Sie an der <a href=\"http:\/\/www.dentsdumidi.ch\/\" target=\"_blank\">Tour des dents du midi<\/a>.<\/p>\n<\/div>\n<\/div>\n<p>[\/vc_column_text][\/vc_column][\/vc_row][vc_row][vc_column width=&#8220;1\/2&#8243;][vc_column_text]<\/p>\n<div class=\"service-blok\">\n<div class=\"service-icon\"><i class='med-icon accent glyphicons flaticon-ski-resort'><\/i><\/div>\n<div class=\"service-tekst\">\n<h3>Skilaufen im Sommer<\/h3>\n<p>Wer sagt, dass man im Sommer nicht Skilaufen kann? In Zermatt ist Skilaufen das ganze Jahr \u00fcber m\u00f6glich!<\/p>\n<\/div>\n<\/div>\n<p>[\/vc_column_text][\/vc_column][vc_column width=&#8220;1\/2&#8243;][vc_column_text]<\/p>\n<div class=\"service-blok\">\n<div class=\"service-icon\"><img decoding=\"async\" style=\"margin-left: -12px!important; width: 60px;\" src=\"\/wp-content\/uploads\/2015\/10\/minigolf-e1473329695965.png\" alt=\"Icon Chez Jan\" \/><\/div>\n<div class=\"service-tekst\">\n<h3>Minigolf<\/h3>\n<p>Sie k\u00f6nnen Minigolf bei der Christal Bar in Cot\u00e9 de L\u2019\u00c9glise spielen.<\/p>\n<\/div>\n<\/div>\n<p>[\/vc_column_text][\/vc_column][\/vc_row][vc_row css=&#8220;.vc_custom_1473086687398{padding-bottom: 120px !important;}&#8220;][vc_column width=&#8220;1\/2&#8243;][vc_column_text]<\/p>\n<div class=\"service-blok\">\n<div class=\"service-icon\"><i class='med-icon accent glyphicons golf'><\/i><\/div>\n<div class=\"service-tekst\">\n<h3>Golf<\/h3>\n<p>Es gibt verschiedene Golfpl\u00e4tze in der Umgebung: Aigle (20 Minuten), Evian (45 Minuten), Sion (45 Minuten) und Crans Montana (60 Minuten).<\/p>\n<\/div>\n<\/div>\n<p>[\/vc_column_text][\/vc_column][vc_column width=&#8220;1\/2&#8243;][vc_column_text]<\/p>\n<div class=\"service-blok\">\n<div class=\"service-icon\"><i class='med-icon accent glyphicons pool'><\/i><\/div>\n<div class=\"service-tekst\">\n<h3>Schwimmbad<\/h3>\n<p>Wenn Sie schwimmen m\u00f6chten, k\u00f6nnen Sie das Freibad von Morgins genie\u00dfen. Schwimmb\u00e4der gibt es auch in Les Bains de Lavey und im Aqua Parc in Le Bouveret.<\/p>\n<\/div>\n<\/div>\n<p>[\/vc_column_text][\/vc_column][\/vc_row][vc_row full_width=&#8220;stretch_row&#8220; css=&#8220;.vc_custom_1473085723463{margin-bottom: -40px !important;padding-top: 200px !important;padding-bottom: 200px !important;background-image: url(https:\/\/chezjan.com\/wp-content\/uploads\/2015\/10\/CHEZJAN_Portes-du-soleil_bike.jpg?id=432) !important;background-position: center !important;background-repeat: no-repeat !important;background-size: cover !important;}&#8220; el_class=&#8220;background-fixed&#8220;][vc_column][\/vc_column][\/vc_row]<\/p>","protected":false},"excerpt":{"rendered":"<p>[vc_row css=&#8220;.vc_custom_1473086579561{padding-top: 20px !important;}&#8220;][vc_column width=&#8220;1\/4&#8243;][\/vc_column][vc_column width=&#8220;1\/2&#8243;][vc_custom_heading text=&#8220;ENTDECKEN SIE MORGINS&#8220; font_container=&#8220;tag:h1|font_size:28px|text_align:center|line_height:28px&#8220; google_fonts=&#8220;font_family:Montserrat%3Aregular%2C700|font_style:700%20bold%20regular%3A700%3Anormal&#8220;][vc_separator color=&#8220;black&#8220; border_width=&#8220;3&#8243; el_width=&#8220;10&#8243;][\/vc_column][vc_column width=&#8220;1\/4&#8243;][\/vc_column][\/vc_row][vc_row][vc_column width=&#8220;1\/2&#8243;][vc_column_text] Willkommen in Morgins Morgins liegt in zentraler Lage in Portes du Soleil und hat fast ein holl\u00e4ndisches Flair. Das Dorf ist wegen seiner fantastischen &hellip; <a href=\"https:\/\/chezjan.com\/de\/umgebung\/\">Read More<\/a><\/p>\n","protected":false},"author":2,"featured_media":0,"parent":0,"menu_order":36,"comment_status":"closed","ping_status":"closed","template":"","meta":{"footnotes":""},"yst_prominent_words":[],"class_list":["post-607","page","type-page","status-publish","hentry"],"_links":{"self":[{"href":"https:\/\/chezjan.com\/de\/wp-json\/wp\/v2\/pages\/607\/"}],"collection":[{"href":"https:\/\/chezjan.com\/de\/wp-json\/wp\/v2\/pages\/"}],"about":[{"href":"https:\/\/chezjan.com\/de\/wp-json\/wp\/v2\/types\/page\/"}],"author":[{"embeddable":true,"href":"https:\/\/chezjan.com\/de\/wp-json\/wp\/v2\/users\/2\/"}],"replies":[{"embeddable":true,"href":"https:\/\/chezjan.com\/de\/wp-json\/wp\/v2\/comments\/?post=607"}],"version-history":[{"count":16,"href":"https:\/\/chezjan.com\/de\/wp-json\/wp\/v2\/pages\/607\/revisions\/"}],"predecessor-version":[{"id":1849,"href":"https:\/\/chezjan.com\/de\/wp-json\/wp\/v2\/pages\/607\/revisions\/1849\/"}],"wp:attachment":[{"href":"https:\/\/chezjan.com\/de\/wp-json\/wp\/v2\/media\/?parent=607"}],"wp:term":[{"taxonomy":"yst_prominent_words","embeddable":true,"href":"https:\/\/chezjan.com\/de\/wp-json\/wp\/v2\/yst_prominent_words\/?post=607"}],"curies":[{"name":"wp","href":"https:\/\/api.w.org\/{rel}","templated":true}]}}