{"id":500,"date":"2015-10-17T05:06:43","date_gmt":"2015-10-17T04:06:43","guid":{"rendered":"https:\/\/chezjan.com\/de\/over-ons\/"},"modified":"2017-06-21T10:09:35","modified_gmt":"2017-06-21T09:09:35","slug":"uber-uns","status":"publish","type":"page","link":"https:\/\/chezjan.com\/de\/uber-uns\/","title":{"rendered":"\u00dcber uns"},"content":{"rendered":"<p>[vc_row][vc_column width=&#8220;1\/3&#8243;][\/vc_column][vc_column width=&#8220;1\/3&#8243;][vc_custom_heading text=&#8220;\u00dcBER UNS&#8220; font_container=&#8220;tag:h1|font_size:28px|text_align:center|color:%23515151|line_height:28px&#8220; google_fonts=&#8220;font_family:Montserrat%3Aregular%2C700|font_style:700%20bold%20regular%3A700%3Anormal&#8220;][vc_separator color=&#8220;black&#8220; border_width=&#8220;3&#8243; el_width=&#8220;20&#8243;][vc_column_text]<\/p>\n<p style=\"text-align: center;\">Das Konzept hinter Boutique-Hotel Chez Jan<\/p>\n<p>[\/vc_column_text][\/vc_column][vc_column width=&#8220;1\/3&#8243;][\/vc_column][\/vc_row][vc_row][vc_column width=&#8220;1\/2&#8243;][vc_column_text]<\/p>\n<h2>Was zeichnet Chez Jan aus?<\/h2>\n<p>Boutique-Hotel Chez Jan ist etwas Besonderes! In den 11 Zimmern und 2 Suiten haben Sie dank der warmen und ausschlie\u00dflich G\u00e4sten zug\u00e4nglichen Lobby mit Wohnzimmer-Charakter das Gef\u00fchl, zu Hause zu sein. Wir versorgen Sie bis ins kleinste Detail. Morgens k\u00f6nnen Sie bei uns ausgiebig fr\u00fchst\u00fccken &#8211; kein B\u00fcffet, sondern \u00e1 la carte. Kerstin bereitet liebevoll ein reichhaltiges Fr\u00fchst\u00fcck zu, mit einer Auswahl an verschiedenen Eiergerichten, verschiedenen Fleischwaren, K\u00e4se vom lokalen Bauern, s\u00fc\u00dfem Belag, R\u00e4ucherlachs und Bioyoghurt vom Hof Bellon.<\/p>\n<p>Sie k\u00f6nnen zwischen Peeze Kaffee und 8 Sorten Bio-Tee w\u00e4hlen. Auch backen wir jeden Tag einen Kuchen, sodass immer ein frischer Kuchen f\u00fcr Sie bereitsteht, falls Sie tags\u00fcber Appetit auf etwas S\u00fc\u00dfes bekommen sollten. Kurz und gut: wenn Sie ein Hotel in der Schweiz suchen, in dem Sie so richtig verw\u00f6hnt werden, dann ist Chez Jan die perfekte Wahl.<\/p>\n<p>Bei uns k\u00f6nnen Sie einen k\u00f6stlichen Drink bestellen. Wir haben eine umfangreiche Getr\u00e4nkekarte, mit 15 Ginsorten als Spezialit\u00e4t. Unsere Weine stammen vornehmlich aus der Schweiz, wir f\u00fchren jedoch auch k\u00f6stliche franz\u00f6sische Weine von Louis Latour und Aix rose<\/p>\n<p>Daneben bieten wir eine kleine Men\u00fckarte mit Klassikern aus der Region und Tagesgerichten f\u00fcr den kleinen Appetit an.\u00a0Es ist auch m\u00f6glich, einen leckeren Chez Jan Picknick-Korb mit zu nehmen und zum genie\u00dfen in den Bergen bei einem Spaziergang oder w\u00e4hrend eine sch\u00f6ne Fahrt durch die Gegend.[\/vc_column_text][\/vc_column][vc_column width=&#8220;1\/2&#8243;][vc_column_text]<\/p>\n<h2>Ein wundersch\u00f6nes Hotel in der Schweiz<\/h2>\n<p>Im Winter dreht sich hier nat\u00fcrlich alles um den Skisport. Vom Chez Jan sind es nur 50 Meter bis zur Talstation des gro\u00dfen Foilleuse Lifts. Dieser Sessellift, der im Jahr 2017 in einen Kabinenlift umgewandelt wird, bringt Sie mitten hinein in die 650 km gro\u00dfe Skidom\u00e4ne Les Portes du Soleil. Hier befinden sich unter anderem auch Avoriaz, Morzine, Les Gets, es Crosets, Champoussin und Chatel. So haben Sie im Laufe eines Tages auf der Piste die Wahl zwischen Dutzenden von Gastst\u00e4tten, in denen Sie ein leichtes oder ausgiebiges Mittagessen genie\u00dfen k\u00f6nnen. Unser Tipp ist das Restaurant La Reserve in Avonaz.<\/p>\n<p>Auch Wissenswert: Nach der Erneuerung des de Foilleuse Lifts gibt es eine zus\u00e4tzliche Abfahrt zu unserem Dorf.<\/p>\n<p>Im Gegensatz zur turbulenten Wintersaison k\u00f6nnen Sie in den anderen Jahreszeiten bei uns die wohltuende Ruhe genie\u00dfen. Ein gro\u00dfer Kontrast zum t\u00e4glichen Leben. Nachts schlafen Sie beim L\u00e4uten der Kuhglocken ein. Sch\u00f6ne, teilweise nicht asphaltierte Wanderwege f\u00fchren Sie an Fl\u00fcssen und Bergb\u00e4chen entlang. In der Umgebung von Morgins k\u00f6nnen Sie bei Ihrer Wanderung in einigen h\u00f6her gelegenen Bergh\u00f6fen einkehren und etwas essen oder trinken.[\/vc_column_text][\/vc_column][\/vc_row]<\/p>","protected":false},"excerpt":{"rendered":"<p>[vc_row][vc_column width=&#8220;1\/3&#8243;][\/vc_column][vc_column width=&#8220;1\/3&#8243;][vc_custom_heading text=&#8220;\u00dcBER UNS&#8220; font_container=&#8220;tag:h1|font_size:28px|text_align:center|color:%23515151|line_height:28px&#8220; google_fonts=&#8220;font_family:Montserrat%3Aregular%2C700|font_style:700%20bold%20regular%3A700%3Anormal&#8220;][vc_separator color=&#8220;black&#8220; border_width=&#8220;3&#8243; el_width=&#8220;20&#8243;][vc_column_text] Das Konzept hinter Boutique-Hotel Chez Jan [\/vc_column_text][\/vc_column][vc_column width=&#8220;1\/3&#8243;][\/vc_column][\/vc_row][vc_row][vc_column width=&#8220;1\/2&#8243;][vc_column_text] Was zeichnet Chez Jan aus? Boutique-Hotel Chez Jan ist etwas Besonderes! In den 11 Zimmern und 2 Suiten haben Sie dank &hellip; <a href=\"https:\/\/chezjan.com\/de\/uber-uns\/\">Read More<\/a><\/p>\n","protected":false},"author":2,"featured_media":0,"parent":0,"menu_order":32,"comment_status":"closed","ping_status":"closed","template":"","meta":{"footnotes":""},"yst_prominent_words":[],"class_list":["post-500","page","type-page","status-publish","hentry"],"_links":{"self":[{"href":"https:\/\/chezjan.com\/de\/wp-json\/wp\/v2\/pages\/500\/"}],"collection":[{"href":"https:\/\/chezjan.com\/de\/wp-json\/wp\/v2\/pages\/"}],"about":[{"href":"https:\/\/chezjan.com\/de\/wp-json\/wp\/v2\/types\/page\/"}],"author":[{"embeddable":true,"href":"https:\/\/chezjan.com\/de\/wp-json\/wp\/v2\/users\/2\/"}],"replies":[{"embeddable":true,"href":"https:\/\/chezjan.com\/de\/wp-json\/wp\/v2\/comments\/?post=500"}],"version-history":[{"count":8,"href":"https:\/\/chezjan.com\/de\/wp-json\/wp\/v2\/pages\/500\/revisions\/"}],"predecessor-version":[{"id":8131,"href":"https:\/\/chezjan.com\/de\/wp-json\/wp\/v2\/pages\/500\/revisions\/8131\/"}],"wp:attachment":[{"href":"https:\/\/chezjan.com\/de\/wp-json\/wp\/v2\/media\/?parent=500"}],"wp:term":[{"taxonomy":"yst_prominent_words","embeddable":true,"href":"https:\/\/chezjan.com\/de\/wp-json\/wp\/v2\/yst_prominent_words\/?post=500"}],"curies":[{"name":"wp","href":"https:\/\/api.w.org\/{rel}","templated":true}]}}