{"id":377,"date":"2015-10-17T04:38:03","date_gmt":"2015-10-17T03:38:03","guid":{"rendered":"https:\/\/chezjan.com\/de\/home\/"},"modified":"2022-03-14T15:58:55","modified_gmt":"2022-03-14T14:58:55","slug":"home-4","status":"publish","type":"page","link":"https:\/\/chezjan.com\/de\/","title":{"rendered":"Home"},"content":{"rendered":"<p>[vc_row full_width=&#8220;stretch_row_content_no_spaces&#8220;][vc_column]\n\t\t\t<!-- START Slider 1 REVOLUTION SLIDER 6.5.11 --><p class=\"rs-p-wp-fix\"><\/p>\n\t\t\t<rs-module-wrap id=\"rev_slider_3_1_wrapper\" data-source=\"gallery\" style=\"visibility:hidden;background:transparent;padding:0;margin:0px auto;margin-top:0;margin-bottom:0;\">\n\t\t\t\t<rs-module id=\"rev_slider_3_1\" style=\"\" data-version=\"6.5.11\">\n\t\t\t\t\t<rs-slides>\n\t\t\t\t\t\t<rs-slide style=\"position: absolute;\" data-key=\"rs-3\" data-title=\"Slide\" data-in=\"o:0;\" data-out=\"a:false;\">\n\t\t\t\t\t\t\t<img decoding=\"async\" src=\"\/\/chezjan.com\/wp-content\/plugins\/revslider\/public\/assets\/assets\/dummy.png\" alt=\"Slide\" title=\"Home\" class=\"rev-slidebg tp-rs-img rs-lazyload\" data-lazyload=\"\/\/chezjan.com\/wp-content\/plugins\/revslider\/public\/assets\/assets\/transparent.png\" data-no-retina>\n<!--\n\t\t\t\t\t\t\t--><rs-layer\n\t\t\t\t\t\t\t\tid=\"slider-3-slide-3-layer-1\" \n\t\t\t\t\t\t\t\tclass=\"rs-layer-video intrinsic-ignore\"\n\t\t\t\t\t\t\t\tdata-type=\"video\"\n\t\t\t\t\t\t\t\tdata-rsp_ch=\"on\"\n\t\t\t\t\t\t\t\tdata-text=\"w:normal;\"\n\t\t\t\t\t\t\t\tdata-dim=\"w:1240px;h:568px;\"\n\t\t\t\t\t\t\t\tdata-video=\"vfc:true;vd:100;l:false;ptimer:false;\"\n\t\t\t\t\t\t\t\tdata-poster=\"\/\/chezjan.com\/wp-content\/uploads\/revslider\/video-media\/ChezJan202_3_layer.jpeg\"\n\t\t\t\t\t\t\t\tdata-mp4=\"\/\/chezjan.com\/wp-content\/uploads\/2016\/12\/ChezJan 2.1_sized-HD 720p-Apple Devices HD (Most Compatible).m4v\"\n\t\t\t\t\t\t\t\tdata-frame_999=\"o:0;st:w;\"\n\t\t\t\t\t\t\t\tstyle=\"z-index:5;\"\n\t\t\t\t\t\t\t>\n\t\t\t\t\t\t\t<\/rs-layer><!--\n-->\t\t\t\t\t\t<\/rs-slide>\n\t\t\t\t\t<\/rs-slides>\n\t\t\t\t<\/rs-module>\n\t\t\t\t<script type=\"text\/javascript\">\n\t\t\t\t\tsetREVStartSize({c: 'rev_slider_3_1',rl:[1240,1024,778,480],el:[600],gw:[1240],gh:[600],type:'standard',justify:'',layout:'fullwidth',mh:\"0\"});if (window.RS_MODULES!==undefined && window.RS_MODULES.modules!==undefined && window.RS_MODULES.modules[\"revslider31\"]!==undefined) {window.RS_MODULES.modules[\"revslider31\"].once = false;window.revapi3 = undefined;if (window.RS_MODULES.checkMinimal!==undefined) window.RS_MODULES.checkMinimal()}\n\t\t\t\t<\/script>\n\t\t\t<\/rs-module-wrap>\n\t\t\t<!-- END REVOLUTION SLIDER -->\n[\/vc_column][\/vc_row][vc_row full_width=&#8220;stretch_row&#8220; css=&#8220;.vc_custom_1546851738548{margin-bottom: 0px !important;border-bottom-width: 0px !important;padding-top: 0px !important;padding-bottom: 0px !important;background-color: #537791 !important;}&#8220; el_class=&#8220;vc_hidden-lg vc_hidden-md vc_hidden-sm vc_hidden-xs&#8220;][vc_column css=&#8220;.vc_custom_1512652536341{padding-top: 0px !important;padding-bottom: 0px !important;}&#8220; offset=&#8220;vc_hidden-xs&#8220;][vc_single_image image=&#8220;20809&#8243; img_size=&#8220;full&#8220; css=&#8220;.vc_custom_1512647876669{margin-bottom: 0px !important;border-bottom-width: 0px !important;padding-top: 0px !important;padding-bottom: 0px !important;}&#8220;][\/vc_column][\/vc_row][vc_row full_width=&#8220;stretch_row&#8220; css=&#8220;.vc_custom_1546851745293{margin-bottom: 0px !important;border-bottom-width: 0px !important;padding-top: 0px !important;padding-bottom: 0px !important;background-color: #537791 !important;}&#8220; el_class=&#8220;vc_hidden-lg vc_hidden-md vc_hidden-sm vc_hidden-xs&#8220;][vc_column css=&#8220;.vc_custom_1512652551841{padding-top: 0px !important;padding-bottom: 0px !important;}&#8220; offset=&#8220;vc_hidden-lg vc_hidden-md vc_hidden-sm&#8220;][vc_single_image image=&#8220;20815&#8243; img_size=&#8220;full&#8220; css=&#8220;.vc_custom_1512652524582{margin-bottom: 0px !important;border-bottom-width: 0px !important;padding-top: 0px !important;padding-bottom: 0px !important;}&#8220;][\/vc_column][\/vc_row][vc_row css=&#8220;.vc_custom_1472645618017{padding-top: 40px !important;}&#8220;][vc_column][vc_custom_heading text=&#8220;GESCHICHTE CHEZ JAN&#8220; font_container=&#8220;tag:h1|font_size:28px|text_align:left|color:%23515151|line_height:28px&#8220; google_fonts=&#8220;font_family:Montserrat%3Aregular%2C700|font_style:700%20bold%20regular%3A700%3Anormal&#8220;][vc_row_inner][vc_column_inner width=&#8220;1\/4&#8243;][vc_separator color=&#8220;black&#8220; align=&#8220;align_left&#8220; border_width=&#8220;3&#8243; el_width=&#8220;20&#8243;][\/vc_column_inner][vc_column_inner width=&#8220;1\/4&#8243;][\/vc_column_inner][vc_column_inner width=&#8220;1\/4&#8243;][\/vc_column_inner][vc_column_inner width=&#8220;1\/4&#8243;][\/vc_column_inner][\/vc_row_inner][\/vc_column][\/vc_row][vc_row css=&#8220;.vc_custom_1472645611626{padding-bottom: 20px !important;}&#8220;][vc_column width=&#8220;1\/2&#8243;][vc_column_text]<\/p>\n<h2>Wir begr\u00fc\u00dfen Sie in Chez Jan<\/h2>\n<p>Chez Jan wurde im Jahr 1880 von der Familie D\u00e9fago gegr\u00fcndet und 1955 von George und Juliette Monay \u00fcbernommen. 2012 ging das Haus in den Besitz der heutigen Eigent\u00fcmer, Heleen und Jan de Graaf, \u00fcber. Jan ist bereits seit 1972 \u201eMorginois\u201c, als er das dortige College Alpin besuchte und Morgins sp\u00e4ter auch als seinen Wohnsitz w\u00e4hlte.<\/p>\n<p>Die Pension wurde bis zum Fr\u00fchjahr 2015 von P\u00e4chtern gef\u00fchrt. Im letzten Sommer und Herbst wurde sie vollst\u00e4ndig umgebaut und das Gesch\u00e4ftskonzept ge\u00e4ndert. Zu allererst wurde der Name ge\u00e4ndert.<\/p>\n<p>Von 2001 bis zum Fr\u00fchjahr 2015 kannte man das Hotel unter dem Namen La Reine des Alpes. Der neue Name lautet Chez Jan.<\/p>\n<p>Das Gesch\u00e4ftskonzept wurde in ein exklusives Boutique-Hotel umgewandelt. Das gesamte Erdgeschoss wurde zu einem gem\u00fctlichen Wohnraum mit hohen und niedrigen Sitzgelegenheiten umgebaut.[\/vc_column_text][\/vc_column][vc_column width=&#8220;1\/2&#8243;][vc_column_text]<\/p>\n<h2>In diesem Schweizer Luxus Boutique-Hotel ist alles bis ins kleinste Detail auf einen angenehmen Aufenthalt ausgerichtet<\/h2>\n<p>Chez Jan bietet viel Komfort, sodass Sie sich v\u00f6llig entspannen k\u00f6nnen. Zum Beispiel mit unserem modernen Wellness-Einrichtungen.<\/p>\n<p>Die Zimmer erhielten ein Upgrade: mit neuen Gardinen, Bettw\u00e4sche, Betten, Mobiliar, frischen Teesorten und einer (Nespresso) Kaffeemaschine. Eine weitere gro\u00dfe \u00c4nderung: das Geb\u00e4ude ist jetzt ausschlie\u00dflich f\u00fcr Hotelg\u00e4ste zug\u00e4nglich. Wir m\u00f6chten, dass unsere G\u00e4ste sich bei Chez Jan wie ZU HAUSE f\u00fchlen, das zeichnet uns als Boutique-Hotel in der Schweiz aus.<\/p>\n<p>Wir servieren morgens ein sehr ausgiebiges Fr\u00fchst\u00fcck \u00e0 la carte. Dazu wird auch Kuchen gebacken, f\u00fcr den Fall, dass unsere G\u00e4ste im Laufe des Tages Appetit auf etwas S\u00fc\u00dfes haben. Am Nachmittag und Abend bieten wir einen \u201ahappy bubble\u2018 mit einem vielf\u00e4ltigen Angebot von leckeren Drinks an. Daneben ist auch die kleine K\u00fcche mit allerlei kulinarischen \u00dcberraschungen f\u00fcr die G\u00e4ste offen.<\/p>\n<p>&nbsp;<\/p>\n<p><strong>Alles ist darauf gerichtet, Ihren Aufenthalt bei uns so angenehm wie m\u00f6glich zu gestalten!<\/strong>[\/vc_column_text][\/vc_column][\/vc_row][vc_row full_width=&#8220;stretch_row&#8220; css=&#8220;.vc_custom_1472645443508{padding-top: 0px !important;padding-bottom: 15px !important;background-color: #43403e !important;}&#8220;][vc_column width=&#8220;1\/2&#8243;][vc_custom_heading text=&#8220;M\u00f6chten Sie einen unvergesslichen Urlaub verbringen?&#8220; font_container=&#8220;tag:h2|font_size:22px|text_align:right|color:%23ffffff|line_height:22px&#8220; google_fonts=&#8220;font_family:Roboto%3A100%2C100italic%2C300%2C300italic%2Cregular%2Citalic%2C500%2C500italic%2C700%2C700italic%2C900%2C900italic|font_style:500%20bold%20regular%3A500%3Anormal&#8220; css=&#8220;.vc_custom_1487248641624{margin-top: 5px !important;}&#8220; el_class=&#8220;boek-responsive&#8220;][\/vc_column][vc_column width=&#8220;1\/2&#8243;][vc_btn title=&#8220;Jetzt buchen&#8220; style=&#8220;outline&#8220; shape=&#8220;square&#8220; color=&#8220;default&#8220; size=&#8220;lg&#8220; link=&#8220;url:https%3A%2F%2Fapi.mews.com%2Fdistributor%2Fa9fe454c-af92-4d97-9b5f-ae1b00966fa3|title:Booking%20Link|target:_blank&#8220; el_class=&#8220;custom-btn&#8220;][\/vc_column][\/vc_row][vc_row full_width=&#8220;stretch_row&#8220; css=&#8220;.vc_custom_1472646359494{padding-top: 40px !important;background-color: #ebeced !important;}&#8220;][vc_column width=&#8220;1\/2&#8243;][vc_custom_heading text=&#8220;Die gesunde Bergluft von Morgins&#8220; font_container=&#8220;tag:h2|font_size:28px|text_align:left|color:%23515151|line_height:28px&#8220; google_fonts=&#8220;font_family:Montserrat%3Aregular%2C700|font_style:700%20bold%20regular%3A700%3Anormal&#8220;][vc_column_text]Morgins ist ein malerisches Dorf mit etwa 500 Einwohnern, das an der Grenze zu Frankreich liegt. \u00dcber den Pas de Morgins kann man das franz\u00f6sische Dorf Ch\u00e2tel erreichen.<\/p>\n<p>Morgins liegt auf einer Seeh\u00f6he von 1400 m, mitten im bekannten Skigebiet Portes du Soleil mit rund 650 km an Pisten.<\/p>\n<p>Im Winter kommen sehr viele Skifahrer nach Morgins, im Sommer ist es ein wahres Paradies f\u00fcr Mountainbiker und Wanderer. Auch das Grillen an den Ufern der Vi\u00e8ze ist bei vielen sehr beliebt.<\/p>\n<p>Chez Jan liegt im Zentrum von Morgins, in etwa 50 m Entfernung zum Skilift.[\/vc_column_text][\/vc_column][vc_column width=&#8220;1\/2&#8243;][vc_single_image image=&#8220;20826&#8243; img_size=&#8220;full&#8220;][\/vc_column][\/vc_row][vc_row css=&#8220;.vc_custom_1497016633073{padding-top: 35px !important;}&#8220;][vc_column width=&#8220;1\/4&#8243;][vc_single_image image=&#8220;6987&#8243; img_size=&#8220;full&#8220;][\/vc_column][vc_column width=&#8220;1\/4&#8243;][vc_single_image image=&#8220;20827&#8243; img_size=&#8220;full&#8220;][\/vc_column][vc_column width=&#8220;1\/4&#8243;][vc_single_image image=&#8220;6991&#8243; img_size=&#8220;full&#8220;][\/vc_column][vc_column width=&#8220;1\/4&#8243;][vc_single_image image=&#8220;20833&#8243; img_size=&#8220;full&#8220;][\/vc_column][\/vc_row]<\/p>","protected":false},"excerpt":{"rendered":"<p>[vc_row full_width=&#8220;stretch_row_content_no_spaces&#8220;][vc_column][\/vc_column][\/vc_row][vc_row full_width=&#8220;stretch_row&#8220; css=&#8220;.vc_custom_1546851738548{margin-bottom: 0px !important;border-bottom-width: 0px !important;padding-top: 0px !important;padding-bottom: 0px !important;background-color: #537791 !important;}&#8220; el_class=&#8220;vc_hidden-lg vc_hidden-md vc_hidden-sm vc_hidden-xs&#8220;][vc_column css=&#8220;.vc_custom_1512652536341{padding-top: 0px !important;padding-bottom: 0px !important;}&#8220; offset=&#8220;vc_hidden-xs&#8220;][vc_single_image image=&#8220;20809&#8243; img_size=&#8220;full&#8220; css=&#8220;.vc_custom_1512647876669{margin-bottom: 0px !important;border-bottom-width: 0px !important;padding-top: 0px !important;padding-bottom: 0px !important;}&#8220;][\/vc_column][\/vc_row][vc_row full_width=&#8220;stretch_row&#8220; css=&#8220;.vc_custom_1546851745293{margin-bottom: 0px !important;border-bottom-width: 0px &hellip; <a href=\"https:\/\/chezjan.com\/de\/\">Read More<\/a><\/p>\n","protected":false},"author":2,"featured_media":0,"parent":0,"menu_order":21,"comment_status":"closed","ping_status":"closed","template":"","meta":{"footnotes":""},"yst_prominent_words":[1075,1069,210,202,201,200,1110,1073,1072,203,1071,1074,207,86,1068,1109,209,206,204,198],"class_list":["post-377","page","type-page","status-publish","hentry"],"_links":{"self":[{"href":"https:\/\/chezjan.com\/de\/wp-json\/wp\/v2\/pages\/377\/"}],"collection":[{"href":"https:\/\/chezjan.com\/de\/wp-json\/wp\/v2\/pages\/"}],"about":[{"href":"https:\/\/chezjan.com\/de\/wp-json\/wp\/v2\/types\/page\/"}],"author":[{"embeddable":true,"href":"https:\/\/chezjan.com\/de\/wp-json\/wp\/v2\/users\/2\/"}],"replies":[{"embeddable":true,"href":"https:\/\/chezjan.com\/de\/wp-json\/wp\/v2\/comments\/?post=377"}],"version-history":[{"count":53,"href":"https:\/\/chezjan.com\/de\/wp-json\/wp\/v2\/pages\/377\/revisions\/"}],"predecessor-version":[{"id":6997,"href":"https:\/\/chezjan.com\/de\/wp-json\/wp\/v2\/pages\/377\/revisions\/6997\/"}],"wp:attachment":[{"href":"https:\/\/chezjan.com\/de\/wp-json\/wp\/v2\/media\/?parent=377"}],"wp:term":[{"taxonomy":"yst_prominent_words","embeddable":true,"href":"https:\/\/chezjan.com\/de\/wp-json\/wp\/v2\/yst_prominent_words\/?post=377"}],"curies":[{"name":"wp","href":"https:\/\/api.w.org\/{rel}","templated":true}]}}