{"id":1288,"date":"2015-10-17T05:09:57","date_gmt":"2015-10-17T04:09:57","guid":{"rendered":"https:\/\/chezjan.com\/de\/reviews\/"},"modified":"2018-04-18T14:04:57","modified_gmt":"2018-04-18T13:04:57","slug":"bewertungen-2","status":"publish","type":"page","link":"https:\/\/chezjan.com\/de\/bewertungen-2\/","title":{"rendered":"Bewertungen"},"content":{"rendered":"<p>[vc_row][vc_column][vc_column_text css=&#8220;.vc_custom_1473337409762{margin-bottom: 15px !important;}&#8220;]<\/p>\n<h1 style=\"text-align: center;\">G\u00c4STBEWERTUNGEN<\/h1>\n<p>[\/vc_column_text][vc_separator color=&#8220;black&#8220; border_width=&#8220;3&#8243; el_width=&#8220;10&#8243;][vc_column_text]\t\t<div itemscope itemtype=\"http:\/\/schema.org\/Organization\">\n\t\t\t<span itemprop=\"name\" style=\"display:none\">\n\t\t\t\tBewertungen\t\t\t<\/span>\n\t\t\t<div class=\"star-rating\"><span class=\"screen-reader-text\">4,9 rating based on 12.345 ratings<\/span><div class=\"star star-full\" aria-hidden=\"true\"><\/div><div class=\"star star-full\" aria-hidden=\"true\"><\/div><div class=\"star star-full\" aria-hidden=\"true\"><\/div><div class=\"star star-full\" aria-hidden=\"true\"><\/div><div class=\"star star-half\" aria-hidden=\"true\"><\/div><\/div>\t\t    Overall rating:\t\t\t<span itemprop=\"aggregateRating\" itemscope itemtype=\"http:\/\/schema.org\/AggregateRating\">\n\t\t\t\t<strong>\n\t\t\t\t\t<span class=\"value\" itemprop=\"ratingValue\">4.9<\/span>\n\t\t\t\t<\/strong> out of\t\t\t\t<strong><span itemprop=\"bestRating\">5<\/span><\/strong> based on\t\t\t\t<span class=\"votes\" itemprop=\"reviewCount\">\n\t\t\t\t\t11\t\t\t\t<\/span> reviews.\t\t\t<\/span>\n\t\t\t<div itemprop=\"review\" itemscope itemtype=\"http:\/\/schema.org\/Review\">\n\t\t\t\t<span itemprop=\"author\" itemscope itemtype=\"https:\/\/schema.org\/Person\" style=\"display: none;\">\n\t\t\t\t\t<span itemprop=\"name\">Anonymous<\/span>\n\t\t\t\t<\/span>\n\t\t\t<\/div>\n\t\t<\/div>\n\t<br \/>\n <div class=\"testimonial_group\"> \t<div class=\"testimonial\">\n\t\t<h3 class=\"rr_title\"><\/h3>\n\t\t<div class=\"clear\"><\/div>\n\t\t<span>\n\t\t<div class=\"rr_review_post_id\" style=display:none>\n\t\t\t<a href=\"https:\/\/chezjan.com\/de\/bewertungen-2\/\">\n\t\t\t\tBewertungen\t\t\t<\/a>\n\t\t<\/div>\n\t\t\t<div class=\"clear\"><\/div>\n\t<\/span>\n\t\t\t<span class=\"rr_date\" style=\"display:none;\"><meta content=\"2016-01-05 10:40:07\">\n\t\t\t<time datetime=\"Tuesday, January 5, 2016\">\n\t\t\t\tTuesday, January 5, 2016\t\t\t<\/time>\n\t\t<\/span>\n\t\t\t<div class=\"stars\">\n\t\t\t&#9733;&#9733;&#9733;&#9733;&#9734;\t\t<\/div>\n\n\t\t\n\n\t\t<div class=\"clear\"><\/div>\n\n\t\t<div class=\"rr_review_text\"  >\n\t\t\t<span class=\"drop_cap\">\u201c<\/span>\n\t\t\t<span>Nicely decorated, good food, very close to the ski lift. Also provided discount on rentals and lessons. Couldn&#039;t have asked for more from a hotel in this pretty village.<\/span>\u201d\n\t\t<\/div>\n\t\t\t<div class=\"rr_review_name\"> - <span>\n\t\t\tPeter\t\t\t<\/span>\n\t\t\t<\/div>\n\t\t\t<div class=\"clear\"><\/div>\n\t\t<\/div>\n\t\t<div class=\"testimonial\">\n\t\t<h3 class=\"rr_title\"><\/h3>\n\t\t<div class=\"clear\"><\/div>\n\t\t<span>\n\t\t<div class=\"rr_review_post_id\" style=display:none>\n\t\t\t<a href=\"https:\/\/chezjan.com\/de\/bewertungen-2\/\">\n\t\t\t\tBewertungen\t\t\t<\/a>\n\t\t<\/div>\n\t\t\t<div class=\"clear\"><\/div>\n\t<\/span>\n\t\t\t<span class=\"rr_date\" style=\"display:none;\"><meta content=\"2016-01-14 10:48:32\">\n\t\t\t<time datetime=\"Thursday, January 14, 2016\">\n\t\t\t\tThursday, January 14, 2016\t\t\t<\/time>\n\t\t<\/span>\n\t\t\t<div class=\"stars\">\n\t\t\t&#9733;&#9733;&#9733;&#9733;&#9733;\t\t<\/div>\n\n\t\t\n\n\t\t<div class=\"clear\"><\/div>\n\n\t\t<div class=\"rr_review_text\"  >\n\t\t\t<span class=\"drop_cap\">\u201c<\/span>\n\t\t\t<span>Great service! Cozy place with modern amenities<\/span>\u201d\n\t\t<\/div>\n\t\t\t<div class=\"rr_review_name\"> - <span>\n\t\t\tEsther\t\t\t<\/span>\n\t\t\t<\/div>\n\t\t\t<div class=\"clear\"><\/div>\n\t\t<\/div>\n\t\t<div class=\"testimonial\">\n\t\t<h3 class=\"rr_title\"><\/h3>\n\t\t<div class=\"clear\"><\/div>\n\t\t<span>\n\t\t<div class=\"rr_review_post_id\" style=display:none>\n\t\t\t<a href=\"https:\/\/chezjan.com\/nl\/reviews-2\/\">\n\t\t\t\tReviews\t\t\t<\/a>\n\t\t<\/div>\n\t\t\t<div class=\"clear\"><\/div>\n\t<\/span>\n\t\t\t<span class=\"rr_date\" style=\"display:none;\"><meta content=\"2016-01-26 15:16:13\">\n\t\t\t<time datetime=\"Tuesday, January 26, 2016\">\n\t\t\t\tTuesday, January 26, 2016\t\t\t<\/time>\n\t\t<\/span>\n\t\t\t<div class=\"stars\">\n\t\t\t&#9733;&#9733;&#9733;&#9733;&#9733;\t\t<\/div>\n\n\t\t\n\n\t\t<div class=\"clear\"><\/div>\n\n\t\t<div class=\"rr_review_text\"  >\n\t\t\t<span class=\"drop_cap\">\u201c<\/span>\n\t\t\t<span>Echt super locatie!! En wat een uitzicht.. wauw!<\/span>\u201d\n\t\t<\/div>\n\t\t\t<div class=\"rr_review_name\"> - <span>\n\t\t\tHenk-Jan\t\t\t<\/span>\n\t\t\t<\/div>\n\t\t\t<div class=\"clear\"><\/div>\n\t\t<\/div>\n\t <\/div>\n\n\t\t\t\t\t<!-- clear the floats -->\n\t\t\t\t\t<div class=\"clear\"><\/div>  <div class=\"testimonial_group\"> \t<div class=\"testimonial\">\n\t\t<h3 class=\"rr_title\"><\/h3>\n\t\t<div class=\"clear\"><\/div>\n\t\t<span>\n\t\t<div class=\"rr_review_post_id\" style=display:none>\n\t\t\t<a href=\"https:\/\/chezjan.com\/de\/bewertungen-2\/\">\n\t\t\t\tBewertungen\t\t\t<\/a>\n\t\t<\/div>\n\t\t\t<div class=\"clear\"><\/div>\n\t<\/span>\n\t\t\t<span class=\"rr_date\" style=\"display:none;\"><meta content=\"2016-02-01 11:03:34\">\n\t\t\t<time datetime=\"Monday, February 1, 2016\">\n\t\t\t\tMonday, February 1, 2016\t\t\t<\/time>\n\t\t<\/span>\n\t\t\t<div class=\"stars\">\n\t\t\t&#9733;&#9733;&#9733;&#9733;&#9733;\t\t<\/div>\n\n\t\t\n\n\t\t<div class=\"clear\"><\/div>\n\n\t\t<div class=\"rr_review_text\"  >\n\t\t\t<span class=\"drop_cap\">\u201c<\/span>\n\t\t\t<span>Is amazing place, to make your holidays unforgettable. No words for explain the experience<\/span>\u201d\n\t\t<\/div>\n\t\t\t<div class=\"rr_review_name\"> - <span>\n\t\t\tJunior Ibiza\t\t\t<\/span>\n\t\t\t<\/div>\n\t\t\t<div class=\"clear\"><\/div>\n\t\t<\/div>\n\t\t<div class=\"testimonial\">\n\t\t<h3 class=\"rr_title\"><\/h3>\n\t\t<div class=\"clear\"><\/div>\n\t\t<span>\n\t\t<div class=\"rr_review_post_id\" style=display:none>\n\t\t\t<a href=\"https:\/\/chezjan.com\/nl\/reviews-2\/\">\n\t\t\t\tReviews\t\t\t<\/a>\n\t\t<\/div>\n\t\t\t<div class=\"clear\"><\/div>\n\t<\/span>\n\t\t\t<span class=\"rr_date\" style=\"display:none;\"><meta content=\"2016-02-05 16:20:50\">\n\t\t\t<time datetime=\"Friday, February 5, 2016\">\n\t\t\t\tFriday, February 5, 2016\t\t\t<\/time>\n\t\t<\/span>\n\t\t\t<div class=\"stars\">\n\t\t\t&#9733;&#9733;&#9733;&#9733;&#9733;\t\t<\/div>\n\n\t\t\n\n\t\t<div class=\"clear\"><\/div>\n\n\t\t<div class=\"rr_review_text\"  >\n\t\t\t<span class=\"drop_cap\">\u201c<\/span>\n\t\t\t<span>Super!!<\/span>\u201d\n\t\t<\/div>\n\t\t\t<div class=\"rr_review_name\"> - <span>\n\t\t\tSara Berendsen\t\t\t<\/span>\n\t\t\t<\/div>\n\t\t\t<div class=\"clear\"><\/div>\n\t\t<\/div>\n\t\t<div class=\"testimonial\">\n\t\t<h3 class=\"rr_title\"><\/h3>\n\t\t<div class=\"clear\"><\/div>\n\t\t<span>\n\t\t<div class=\"rr_review_post_id\" style=display:none>\n\t\t\t<a href=\"https:\/\/chezjan.com\/avis-client-2\/\">\n\t\t\t\tAvis Client\t\t\t<\/a>\n\t\t<\/div>\n\t\t\t<div class=\"clear\"><\/div>\n\t<\/span>\n\t\t\t<span class=\"rr_date\" style=\"display:none;\"><meta content=\"2016-02-17 08:52:05\">\n\t\t\t<time datetime=\"Wednesday, February 17, 2016\">\n\t\t\t\tWednesday, February 17, 2016\t\t\t<\/time>\n\t\t<\/span>\n\t\t\t<div class=\"stars\">\n\t\t\t&#9733;&#9733;&#9733;&#9733;&#9733;\t\t<\/div>\n\n\t\t\n\n\t\t<div class=\"clear\"><\/div>\n\n\t\t<div class=\"rr_review_text\"  >\n\t\t\t<span class=\"drop_cap\">\u201c<\/span>\n\t\t\t<span>erg fijn hier, mooie omgeving en erg gay vriendelijk!! komen zeker terug! Antonio en Billy<\/span>\u201d\n\t\t<\/div>\n\t\t\t<div class=\"rr_review_name\"> - <span>\n\t\t\tbilly regouin\t\t\t<\/span>\n\t\t\t<\/div>\n\t\t\t<div class=\"clear\"><\/div>\n\t\t<\/div>\n\t <\/div>\n\n\t\t\t\t\t<!-- clear the floats -->\n\t\t\t\t\t<div class=\"clear\"><\/div>  <div class=\"testimonial_group\"> \t<div class=\"testimonial\">\n\t\t<h3 class=\"rr_title\"><\/h3>\n\t\t<div class=\"clear\"><\/div>\n\t\t<span>\n\t\t<div class=\"rr_review_post_id\" style=display:none>\n\t\t\t<a href=\"https:\/\/chezjan.com\/nl\/reviews-2\/\">\n\t\t\t\tReviews\t\t\t<\/a>\n\t\t<\/div>\n\t\t\t<div class=\"clear\"><\/div>\n\t<\/span>\n\t\t\t<span class=\"rr_date\" style=\"display:none;\"><meta content=\"2017-03-03 11:48:36\">\n\t\t\t<time datetime=\"Friday, March 3, 2017\">\n\t\t\t\tFriday, March 3, 2017\t\t\t<\/time>\n\t\t<\/span>\n\t\t\t<div class=\"stars\">\n\t\t\t&#9733;&#9733;&#9733;&#9733;&#9733;\t\t<\/div>\n\n\t\t\n\n\t\t<div class=\"clear\"><\/div>\n\n\t\t<div class=\"rr_review_text\"  >\n\t\t\t<span class=\"drop_cap\">\u201c<\/span>\n\t\t\t<span>Wat geweldig !!! Ibiza gevoel in de bergen. Heerlijke keuken, fantastische wijnen !! Een echte aanrader.<\/span>\u201d\n\t\t<\/div>\n\t\t\t<div class=\"rr_review_name\"> - <span>\n\t\t\tRiny Schreijenberg\t\t\t<\/span>\n\t\t\t<\/div>\n\t\t\t<div class=\"clear\"><\/div>\n\t\t<\/div>\n\t\t<div class=\"testimonial\">\n\t\t<h3 class=\"rr_title\"><\/h3>\n\t\t<div class=\"clear\"><\/div>\n\t\t<span>\n\t\t<div class=\"rr_review_post_id\" style=display:none>\n\t\t\t<a href=\"https:\/\/chezjan.com\/avis-client-2\/\">\n\t\t\t\tAvis Client\t\t\t<\/a>\n\t\t<\/div>\n\t\t\t<div class=\"clear\"><\/div>\n\t<\/span>\n\t\t\t<span class=\"rr_date\" style=\"display:none;\"><meta content=\"2017-03-20 05:50:42\">\n\t\t\t<time datetime=\"Monday, March 20, 2017\">\n\t\t\t\tMonday, March 20, 2017\t\t\t<\/time>\n\t\t<\/span>\n\t\t\t<div class=\"stars\">\n\t\t\t&#9733;&#9733;&#9733;&#9733;&#9733;\t\t<\/div>\n\n\t\t\n\n\t\t<div class=\"clear\"><\/div>\n\n\t\t<div class=\"rr_review_text\"  >\n\t\t\t<span class=\"drop_cap\">\u201c<\/span>\n\t\t\t<span>Super week gehad!! Geweldig inspirerend hotel vol luxe en creativiteit met aandacht voor elk detail. Hele lieve en zorgzame medewerkers die je volledig in de watten leggen. Heerlijk eten, prachtig servies en fijne achtergrond muziek. Top!!<\/span>\u201d\n\t\t<\/div>\n\t\t\t<div class=\"rr_review_name\"> - <span>\n\t\t\tKarin Baouche\t\t\t<\/span>\n\t\t\t<\/div>\n\t\t\t<div class=\"clear\"><\/div>\n\t\t<\/div>\n\t\t<div class=\"testimonial\">\n\t\t<h3 class=\"rr_title\"><\/h3>\n\t\t<div class=\"clear\"><\/div>\n\t\t<span>\n\t\t<div class=\"rr_review_post_id\" style=display:none>\n\t\t\t<a href=\"https:\/\/chezjan.com\/nl\/reviews-2\/\">\n\t\t\t\tReviews\t\t\t<\/a>\n\t\t<\/div>\n\t\t\t<div class=\"clear\"><\/div>\n\t<\/span>\n\t\t\t<span class=\"rr_date\" style=\"display:none;\"><meta content=\"2017-05-04 12:34:36\">\n\t\t\t<time datetime=\"Thursday, May 4, 2017\">\n\t\t\t\tThursday, May 4, 2017\t\t\t<\/time>\n\t\t<\/span>\n\t\t\t<div class=\"stars\">\n\t\t\t&#9733;&#9733;&#9733;&#9733;&#9733;\t\t<\/div>\n\n\t\t\n\n\t\t<div class=\"clear\"><\/div>\n\n\t\t<div class=\"rr_review_text\"  >\n\t\t\t<span class=\"drop_cap\">\u201c<\/span>\n\t\t\t<span>Fantastisch hotel met een heerlijke ambiance op een prachtige locatie! Absoluut een aanrader!<\/span>\u201d\n\t\t<\/div>\n\t\t\t<div class=\"rr_review_name\"> - <span>\n\t\t\tBas\t\t\t<\/span>\n\t\t\t<\/div>\n\t\t\t<div class=\"clear\"><\/div>\n\t\t<\/div>\n\t <\/div>\n\n\t\t\t\t\t<!-- clear the floats -->\n\t\t\t\t\t<div class=\"clear\"><\/div> \t<style>\n\t\t.stars, .rr_star {\n\t\t\tcolor: #ffaf00;\n\t\t}\n\t<\/style>\n\t[\/vc_column_text][\/vc_column][\/vc_row][vc_row full_width=&#8220;stretch_row&#8220; css=&#8220;.vc_custom_1523884317561{padding-top: 0px !important;padding-bottom: 15px !important;background-color: #43403e !important;}&#8220; el_id=&#8220;calltoaction1&#8243;][vc_column][vc_column_text el_class=&#8220;testblok3&#8243;]<\/p>\n<p class=\"p1\"><span style=\"color: #ffffff;\">Hierunter finden Sie unsere Bewertungen von Trip Advisor, Booking.com und Google Bewertungen. Neugierig auf die Zahlen, klicken Sie auf eine der folgenden Schaltfl\u00e4chen.<\/span><\/p>\n<p>[\/vc_column_text][\/vc_column][vc_column width=&#8220;1\/3&#8243;][vc_btn title=&#8220;Trip Advisor &#8220; style=&#8220;outline&#8220; shape=&#8220;square&#8220; color=&#8220;default&#8220; size=&#8220;lg&#8220; link=&#8220;url:https%3A%2F%2Fwww.tripadvisor.de%2FHotel_Review-g666528-d641365-Reviews-Chez_Jan-Morgins_Portes_du_Soleil_Canton_of_Valais_Swiss_Alps.html|title:Trip%20Advisor%20|target:%20_blank&#8220; el_class=&#8220;custom-btn&#8220;][\/vc_column][vc_column width=&#8220;1\/3&#8243;][vc_btn title=&#8220;Booking&#8220; style=&#8220;outline&#8220; shape=&#8220;square&#8220; color=&#8220;default&#8220; size=&#8220;lg&#8220; link=&#8220;url:https%3A%2F%2Fwww.booking.com%2Fhotel%2Fch%2Fchez-jan.de.html%23tab-reviews|title:Booking%20Link|target:%20_blank&#8220; el_class=&#8220;custom-btn&#8220;][\/vc_column][vc_column width=&#8220;1\/3&#8243;][vc_btn title=&#8220;Google Reviews&#8220; style=&#8220;outline&#8220; shape=&#8220;square&#8220; color=&#8220;default&#8220; size=&#8220;lg&#8220; link=&#8220;url:https%3A%2F%2Fwww.google.de%2Fmaps%2Fplace%2FChez%2BJan%2BLa%2BPension%2Bde%2BMorgins%2F%4046.237793%2C6.8552943%2C17z%2Fdata%3D!3m1!4b1!4m9!3m8!1s0x0%3A0x6b628688f0b9c769!5m1!1s2018-04-22!8m2!3d46.237793!4d6.857483!9m1!1b1|title:Booking%20Link|target:%20_blank&#8220; el_class=&#8220;custom-btn&#8220;][\/vc_column][\/vc_row][vc_row][vc_column width=&#8220;1\/2&#8243; el_class=&#8220;fillinform&#8220;][vc_column_text]<\/p>\n<h5 id=\"tw-target-text\" class=\"tw-data-text tw-ta tw-text-small\" dir=\"ltr\" data-placeholder=\"Vertaling\"><span lang=\"de\">Unten k\u00f6nnen Sie einen \u00dcberblick \u00fcber Ihren Aufenthalt in Chez Jan hinterlassen. Wir sind sehr gespannt auf Ihre Antwort!<\/span><\/h5>\n<p>&nbsp;<\/p>\n<p> <span id=\"state\"><\/span> \t\t<form action=\"\" method=\"post\" enctype=\"multipart\/form-data\" class=\"rr_review_form\" id=\"fprr_review_form\">\n            <input type=\"hidden\" id=\"_wpnonce\" name=\"_wpnonce\" value=\"4d1d14375f\" \/><input type=\"hidden\" name=\"_wp_http_referer\" value=\"\/de\/wp-json\/wp\/v2\/pages\/1288\/\" \/>\t\t\t<input type=\"hidden\" name=\"rRating\" id=\"rRating\" value=\"0\" \/>\n\t\t\t<table class=\"form_table\">\n\t\t\t\n\t<tr class=\"rr_form_row\">\n\t\t<td class=\"rr_form_heading rr_required\" >\n\t\t\tName\t\t<\/td>\n\t\t<td class=\"rr_form_input\">\n\t\t\t<span class=\"form-err\"><\/span>\t\t\t<input class=\"rr_small_input\" type=\"text\" name=\"rName\" value=\"\" \/>\n\t\t<\/td>\n\t<\/tr>\n\t<tr class=\"rr_form_row\">\n\t\t<td class=\"rr_form_heading rr_required\" >\n\t\t\tEmail\t\t<\/td>\n\t\t<td class=\"rr_form_input\">\n\t\t\t<span class=\"form-err\"><\/span>\t\t\t<input class=\"rr_small_input\" type=\"text\" name=\"rEmail\" value=\"\" \/>\n\t\t<\/td>\n\t<\/tr>\n\t<tr class=\"rr_form_row\">\n\t\t<td class=\"rr_form_heading rr_required\" >\n\t\t\tReview Title\t\t<\/td>\n\t\t<td class=\"rr_form_input\">\n\t\t\t<span class=\"form-err\"><\/span>\t\t\t<input class=\"rr_small_input\" type=\"text\" name=\"rTitle\" value=\"\" \/>\n\t\t<\/td>\n\t<\/tr>\n<tr class=\"rr_form_row\">\n\t<td class=\"rr_form_heading rr_required\">Rating<\/td>\n\t<td class=\"rr_form_input\">\n\t\t<span class=\"form-err\"><\/span>\t\t<div class=\"rr_stars_container\">\n\t\t\t<span class=\"rr_star glyphicon glyphicon-star-empty\" id=\"rr_star_1\"><\/span>\n\t\t\t<span class=\"rr_star glyphicon glyphicon-star-empty\" id=\"rr_star_2\"><\/span>\n\t\t\t<span class=\"rr_star glyphicon glyphicon-star-empty\" id=\"rr_star_3\"><\/span>\n\t\t\t<span class=\"rr_star glyphicon glyphicon-star-empty\" id=\"rr_star_4\"><\/span>\n\t\t\t<span class=\"rr_star glyphicon glyphicon-star-empty\" id=\"rr_star_5\"><\/span>\n\t\t<\/div>\n\t<\/td>\n<\/tr>\t<tr class=\"rr_form_row\">\n\t\t<td class=\"rr_form_heading rr_required\">\n\t\t\tReview Content\t\t<\/td>\n\t\t<td class=\"rr_form_input\">\n\t\t\t<span class=\"form-err\"><\/span>\t\t\t<textarea class=\"rr_large_input\" name=\"rText\" rows=\"10\"><\/textarea>\n\t\t<\/td>\n\t<\/tr>                <tr class=\"rr_form_row rr-honeydo\">\n                    <td>\n                        <label class=\"rr-honeydo\" for=\"org\"><\/label>\n                    <\/td>\n                    <td>\n                        <input class=\"rr-honeydo\" autocomplete=\"off\" type=\"text\" id=\"org\" name=\"org\" placeholder=\"Your Organization\">\n                    <\/td>\n                <\/tr>\n\t\t\t\t<tr class=\"rr_form_row\">\n\t\t\t\t\t<td><\/td>\n\t\t\t\t\t<td class=\"rr_form_input\"><input id=\"submitReview\" name=\"submitButton\" type=\"submit\" value=\"Submit\"\/><\/td>\n\t\t\t\t<\/tr>\n\t\t\t<\/table>\n\t\t<\/form>\n\t[\/vc_column_text][\/vc_column][\/vc_row]<\/p>","protected":false},"excerpt":{"rendered":"<p>[vc_row][vc_column][vc_column_text css=&#8220;.vc_custom_1473337409762{margin-bottom: 15px !important;}&#8220;] G\u00c4STBEWERTUNGEN [\/vc_column_text][vc_separator color=&#8220;black&#8220; border_width=&#8220;3&#8243; el_width=&#8220;10&#8243;][vc_column_text] [\/vc_column_text][\/vc_column][\/vc_row][vc_row full_width=&#8220;stretch_row&#8220; css=&#8220;.vc_custom_1523884317561{padding-top: 0px !important;padding-bottom: 15px !important;background-color: #43403e !important;}&#8220; el_id=&#8220;calltoaction1&#8243;][vc_column][vc_column_text el_class=&#8220;testblok3&#8243;] Hierunter finden Sie unsere Bewertungen von Trip Advisor, Booking.com und Google Bewertungen. Neugierig auf die Zahlen, klicken Sie auf eine &hellip; <a href=\"https:\/\/chezjan.com\/de\/bewertungen-2\/\">Read More<\/a><\/p>\n","protected":false},"author":2,"featured_media":0,"parent":0,"menu_order":50,"comment_status":"closed","ping_status":"closed","template":"","meta":{"footnotes":""},"yst_prominent_words":[1089,1096,364,358,352,528,87,153,1084,362,359,1087,1086,527,1085,1082,1088,1083],"class_list":["post-1288","page","type-page","status-publish","hentry"],"_links":{"self":[{"href":"https:\/\/chezjan.com\/de\/wp-json\/wp\/v2\/pages\/1288\/"}],"collection":[{"href":"https:\/\/chezjan.com\/de\/wp-json\/wp\/v2\/pages\/"}],"about":[{"href":"https:\/\/chezjan.com\/de\/wp-json\/wp\/v2\/types\/page\/"}],"author":[{"embeddable":true,"href":"https:\/\/chezjan.com\/de\/wp-json\/wp\/v2\/users\/2\/"}],"replies":[{"embeddable":true,"href":"https:\/\/chezjan.com\/de\/wp-json\/wp\/v2\/comments\/?post=1288"}],"version-history":[{"count":10,"href":"https:\/\/chezjan.com\/de\/wp-json\/wp\/v2\/pages\/1288\/revisions\/"}],"predecessor-version":[{"id":20920,"href":"https:\/\/chezjan.com\/de\/wp-json\/wp\/v2\/pages\/1288\/revisions\/20920\/"}],"wp:attachment":[{"href":"https:\/\/chezjan.com\/de\/wp-json\/wp\/v2\/media\/?parent=1288"}],"wp:term":[{"taxonomy":"yst_prominent_words","embeddable":true,"href":"https:\/\/chezjan.com\/de\/wp-json\/wp\/v2\/yst_prominent_words\/?post=1288"}],"curies":[{"name":"wp","href":"https:\/\/api.w.org\/{rel}","templated":true}]}}