{"id":1165,"date":"2015-12-22T15:30:20","date_gmt":"2015-12-22T14:30:20","guid":{"rendered":"https:\/\/chezjan.com\/de\/kamers-suites\/"},"modified":"2017-06-21T10:11:13","modified_gmt":"2017-06-21T09:11:13","slug":"zimmer-suiten","status":"publish","type":"page","link":"https:\/\/chezjan.com\/de\/zimmer-suiten\/","title":{"rendered":"Zimmer &#038; Suiten"},"content":{"rendered":"<p>[vc_row][vc_column width=&#8220;1\/4&#8243;][\/vc_column][vc_column width=&#8220;1\/2&#8243;][vc_column_text css=&#8220;.vc_custom_1477659946219{margin-bottom: 15px !important;}&#8220;]<\/p>\n<h1 style=\"text-align: center; text-transform: uppercase;\">Die Zimmer &amp; Suiten von Hotel Chez Jan<\/h1>\n<p>[\/vc_column_text][vc_separator color=&#8220;black&#8220; border_width=&#8220;3&#8243; el_width=&#8220;10&#8243;][vc_column_text]<\/p>\n<p style=\"text-align: center;\">Unser Hotel ist etwas ganz Besonderes und in seiner Art einzigartig. Mit 11 Zimmern, 2 Suiten und einer 4-Personen XXL Suite (mit 2 separaten Bade- und Schlafzimmern, einem Salon und einer Garderobe) haben Sie dank der warmen und ausschlie\u00dflich G\u00e4sten zug\u00e4nglichen Lobby mit Wohnzimmer-Charakter das Gef\u00fchl, zu Hause zu sein. Sie werden von morgens bis abends verw\u00f6hnt und brauchen sich um nichts zu k\u00fcmmern, sodass Sie optimal genie\u00dfen k\u00f6nnen. F\u00fcr mehr Informationen k\u00f6nnen Sie nat\u00fcrlich jederzeit Kontakt mit uns aufnehmen. Wir k\u00f6nnen Sie dann pers\u00f6nlich \u00fcber alle M\u00f6glichkeiten informieren, die Hotel Chez Jan bietet.<\/p>\n<p style=\"text-align: center;\">Unten finden Sie eine Auswahl an Einrichtungen, \u00fcber die unser Hotel verf\u00fcgt.<\/p>\n<p>[\/vc_column_text][\/vc_column][vc_column width=&#8220;1\/4&#8243;][\/vc_column][\/vc_row][vc_row][vc_column width=&#8220;1\/2&#8243;][vc_column_text]<\/p>\n<div class=\"service-blok\">\n<div class=\"service-icon\"><i class='med-icon accent glyphicons smoking'><\/i><\/div>\n<div class=\"service-tekst\">\n<h3>Komplett rauchfrei<\/h3>\n<p>Nat\u00fcrlich ist unser Hotel komplett rauchfrei.<\/p>\n<\/div>\n<\/div>\n<p>[\/vc_column_text][\/vc_column][vc_column width=&#8220;1\/2&#8243;][vc_column_text]<\/p>\n<div class=\"service-blok\">\n<div class=\"service-icon\"><i class='med-icon accent glyphicons flaticon-ski-resort'><\/i><\/div>\n<div class=\"service-tekst\">\n<h3>Ski-Lagerraum<\/h3>\n<p>Das Hotel verf\u00fcgt \u00fcber einen gro\u00dfen Ski-Lagerraum im Keller, wo Ihre Skischuhe angenehm gew\u00e4rmt werden.<\/p>\n<\/div>\n<\/div>\n<p>[\/vc_column_text][\/vc_column][\/vc_row][vc_row][vc_column width=&#8220;1\/2&#8243;][vc_column_text]<\/p>\n<div class=\"service-blok\">\n<div class=\"service-icon\"><i class='med-icon accent glyphicons car'><\/i><\/div>\n<div class=\"service-tekst\">\n<h3>Kostenloses Parken<\/h3>\n<p>Die Parkpl\u00e4tze ringsum das Hotel sind f\u00fcr unsere G\u00e4ste reserviert.<\/p>\n<\/div>\n<\/div>\n<p>[\/vc_column_text][\/vc_column][vc_column width=&#8220;1\/2&#8243;][vc_column_text]<\/p>\n<div class=\"service-blok\">\n<div class=\"service-icon\"><i class='med-icon accent glyphicons flaticon-mountain45'><\/i><\/div>\n<div class=\"service-tekst\">\n<h3>Aussicht auf die Berge<\/h3>\n<p>Vom Hotel aus blicken Sie auf La Foilleuse und sehen Sie die Pointe des Mossettes.<\/p>\n<\/div>\n<\/div>\n<p>[\/vc_column_text][\/vc_column][\/vc_row][vc_row][vc_column width=&#8220;1\/2&#8243;][vc_column_text]<\/p>\n<div class=\"service-blok\">\n<div class=\"service-icon\"><img decoding=\"async\" style=\"margin-left: -12px!important; width: 60px;\" src=\"\/wp-content\/uploads\/2015\/10\/coffee-e1473328011304.png\" alt=\"Icon Chez Jan\" \/><\/div>\n<div class=\"service-tekst\">\n<h3>Kaffee &amp; Tee<\/h3>\n<p>In allen Zimmern befinden sich ein Nespresso-Ger\u00e4t und ein Wasserkocher mit leckeren Teesorten.<\/p>\n<\/div>\n<\/div>\n<p>[\/vc_column_text][\/vc_column][vc_column width=&#8220;1\/2&#8243;][vc_column_text]<\/p>\n<div class=\"service-blok\">\n<div class=\"service-icon\"><i class='med-icon accent glyphicons wifi'><\/i><\/div>\n<div class=\"service-tekst\">\n<h3>Kostenloser Highspeed-Internetzugang<\/h3>\n<p>In unserem gesamten Hotel steht kostenloses WLAN zur Verf\u00fcgung.<\/p>\n<\/div>\n<\/div>\n<p>[\/vc_column_text][\/vc_column][\/vc_row][vc_row][vc_column width=&#8220;1\/2&#8243;][vc_column_text]<\/p>\n<div class=\"service-blok\">\n<div class=\"service-icon\"><img decoding=\"async\" style=\"margin-left: -12px!important; width: 60px;\" src=\"https:\/\/chezjan.com\/wp-content\/uploads\/2015\/12\/unnamed-1.png\" alt=\"Icon Chez Jan\" \/><\/div>\n<div class=\"service-tekst\">\n<h3>Hypermoderner Wellnessbereich<\/h3>\n<p>Lassen Sie sich verw\u00f6hnen und kommen Sie ganz zur Ruhe.<\/p>\n<\/div>\n<\/div>\n<p>[\/vc_column_text][\/vc_column][vc_column width=&#8220;1\/2&#8243;][vc_column_text]<\/p>\n<div class=\"service-blok\">\n<div class=\"service-icon\"><img decoding=\"async\" style=\"margin-left: -12px!important; width: 60px;\" src=\"https:\/\/chezjan.com\/wp-content\/uploads\/2015\/12\/unnamed.png\" alt=\"Icon Chez Jan\" \/><\/div>\n<div class=\"service-tekst\">\n<h3>Kulinarisch<\/h3>\n<p>In unserem Restaurant k\u00f6nnen Sie allerlei kulinarische K\u00f6stlichkeiten genie\u00dfen. Es ist auch m\u00f6glich, einen leckeren Chez Jan Picknick-Korb mit zu nehmen und zum genie\u00dfen in den Bergen bei einem Spaziergang oder w\u00e4hrend eine sch\u00f6ne Fahrt durch die Gegend.<\/p>\n<\/div>\n<\/div>\n<p>[\/vc_column_text][\/vc_column][\/vc_row][vc_row][vc_column width=&#8220;1\/2&#8243;][vc_column_text]<\/p>\n<div class=\"service-blok\">\n<div class=\"service-icon\"><i class='med-icon accent glyphicons dog'><\/i><\/div>\n<div class=\"service-tekst\">\n<h3>Keine Haustiere erlaubt<\/h3>\n<p>Wir lieben Tiere, aus Gr\u00fcnden der Hygiene sind Haustiere jedoch nicht gestattet.<\/p>\n<\/div>\n<\/div>\n<p>[\/vc_column_text][\/vc_column][vc_column width=&#8220;1\/2&#8243;][\/vc_column][\/vc_row][vc_row full_width=&#8220;stretch_row&#8220; css=&#8220;.vc_custom_1472727878262{margin-top: 100px !important;padding-top: 0px !important;padding-bottom: 15px !important;background-color: #43403e !important;}&#8220;][vc_column width=&#8220;1\/2&#8243;][vc_custom_heading text=&#8220;M\u00f6chten Sie einen unvergesslichen Urlaub verbringen?&#8220; font_container=&#8220;tag:h2|font_size:22px|text_align:right|color:%23ffffff|line_height:22px&#8220; google_fonts=&#8220;font_family:Roboto%3A100%2C100italic%2C300%2C300italic%2Cregular%2Citalic%2C500%2C500italic%2C700%2C700italic%2C900%2C900italic|font_style:500%20bold%20regular%3A500%3Anormal&#8220; css=&#8220;.vc_custom_1487249184069{margin-top: 5px !important;}&#8220; el_class=&#8220;boek-responsive&#8220;][\/vc_column][vc_column width=&#8220;1\/2&#8243;][vc_btn title=&#8220;Jetzt buchen&#8220; style=&#8220;outline&#8220; shape=&#8220;square&#8220; color=&#8220;default&#8220; size=&#8220;lg&#8220; link=&#8220;url:https%3A%2F%2Fapi.mews.com%2Fdistributor%2Fa9fe454c-af92-4d97-9b5f-ae1b00966fa3|title:Booking%20Link|target:%20_blank&#8220; el_class=&#8220;custom-btn&#8220;][\/vc_column][\/vc_row][vc_row][vc_column][vc_column_text]<\/p>\n<div>\n<section id=\"themo_thumb_slider_1\" class=\" thumb-slider \">\n<div class=\"container\">\n<div class=\"row\">\n<div id=\"themo_thumb_slider_1_inner\" class=\"thumb-flex-slider flexslider flex-landscape col-xs-12\">\n<p><!-- \/.slides --><\/p>\n<div class=\"flex-viewport\" style=\"overflow: hidden; position: relative;\">\n<ul class=\"slides gallery\" style=\"width: 1000%; transition-duration: 0.6s; transform: translate3d(-295px, 0px, 0px);\">\n<li class=\"thumb-flex-slider-img-1\" style=\"width: 255px; float: left; display: block;\"><a class=\"thumbnail img-thumbnail\" href=\"https:\/\/chezjan.com\/wp-content\/uploads\/2015\/12\/MG_5297_web-1140x760.jpg\" data-toggle=\"lightbox\" data-gallery=\"multiimages\" data-title=\"Chez Jan bathroom badkamer\" data-parent=\"slides\"><img loading=\"lazy\" decoding=\"async\" class=\"img-responsive wp-post-image\" style=\"display: inline;\" draggable=\"false\" src=\"https:\/\/chezjan.com\/wp-content\/uploads\/2015\/12\/MG_5297_web-255x170.jpg\" alt=\"Chez Jan bathroom badkamer\" width=\"255\" height=\"170\" \/><\/a><\/li>\n<li class=\"thumb-flex-slider-img-2\" style=\"width: 255px; float: left; display: block;\"><a class=\"thumbnail img-thumbnail\" href=\"https:\/\/chezjan.com\/wp-content\/uploads\/2015\/12\/MG_5278_web2-1140x760.jpg\" data-toggle=\"lightbox\" data-gallery=\"multiimages\" data-title=\"Chez Jan room\" data-parent=\"slides\"><img loading=\"lazy\" decoding=\"async\" class=\"img-responsive wp-post-image\" style=\"display: inline;\" draggable=\"false\" src=\"https:\/\/chezjan.com\/wp-content\/uploads\/2015\/12\/MG_5278_web2-255x170.jpg\" alt=\"Chez Jan room\" width=\"255\" height=\"170\" \/><\/a><\/li>\n<li class=\"thumb-flex-slider-img-3\" style=\"width: 255px; float: left; display: block;\"><a class=\"thumbnail img-thumbnail\" href=\"https:\/\/chezjan.com\/wp-content\/uploads\/2015\/12\/MG_5306_web-1140x760.jpg\" data-toggle=\"lightbox\" data-gallery=\"multiimages\" data-title=\"Chez Jan | La Pension de Morgins\" data-parent=\"slides\"><img loading=\"lazy\" decoding=\"async\" class=\"img-responsive wp-post-image\" style=\"display: inline;\" draggable=\"false\" src=\"https:\/\/chezjan.com\/wp-content\/uploads\/2015\/12\/MG_5306_web-255x170.jpg\" alt=\"Chez Jan | La Pension de Morgins\" width=\"255\" height=\"170\" \/><\/a><\/li>\n<li class=\"thumb-flex-slider-img-4\" style=\"width: 255px; float: left; display: block;\"><a class=\"thumbnail img-thumbnail\" href=\"https:\/\/chezjan.com\/wp-content\/uploads\/2015\/12\/MG_4890_web-1140x760.jpg\" data-toggle=\"lightbox\" data-gallery=\"multiimages\" data-title=\"Chez Jan bed &amp; breakfast\" data-parent=\"slides\"><img loading=\"lazy\" decoding=\"async\" class=\"img-responsive wp-post-image\" style=\"display: inline;\" draggable=\"false\" src=\"https:\/\/chezjan.com\/wp-content\/uploads\/2015\/12\/MG_4890_web-255x170.jpg\" alt=\"Chez Jan bed &amp; breakfast\" width=\"255\" height=\"170\" \/><\/a><\/li>\n<li class=\"thumb-flex-slider-img-5\" style=\"width: 255px; float: left; display: block;\"><a class=\"thumbnail img-thumbnail\" href=\"https:\/\/chezjan.com\/wp-content\/uploads\/2015\/10\/chez_jan_suites.jpg\" data-toggle=\"lightbox\" data-gallery=\"multiimages\" data-title=\"Bed &amp; breakfast\" data-parent=\"slides\"><img loading=\"lazy\" decoding=\"async\" class=\"img-responsive wp-post-image\" style=\"display: inline;\" draggable=\"false\" src=\"https:\/\/chezjan.com\/wp-content\/uploads\/2015\/10\/chez_jan_suites_kl.jpg\" alt=\"Bed &amp; breakfast\" width=\"255\" height=\"170\" \/><\/a><\/li>\n<\/ul>\n<\/div>\n<\/div>\n<p><!-- \/.thumb-flex-slider --><\/p>\n<\/div>\n<p><!-- \/.row --><script>\/\/ <![CDATA[ jQuery(window).load(function() { jQuery('.thumb-flex-slider').show(); themo_start_thumb_slider('#themo_thumb_slider_1_inner'); }); \/\/ ]]><\/script><\/p>\n<\/div>\n<p><!-- \/.container --><\/p>\n<\/section>\n<\/div>\n<p>[\/vc_column_text][\/vc_column][\/vc_row][vc_row][vc_column][vc_column_text]<\/p>\n<p>[\/vc_column_text][\/vc_column][\/vc_row][vc_row full_width=&#8220;stretch_row&#8220; parallax=&#8220;content-moving&#8220; parallax_image=&#8220;1029&#8243; css=&#8220;.vc_custom_1474987633512{margin-bottom: -40px !important;padding-top: 40px !important;padding-bottom: 140px !important;background-color: #ffffff !important;}&#8220;][vc_column][vc_column_text css=&#8220;.vc_custom_1478608497907{margin-bottom: 15px !important;}&#8220;]<\/p>\n<h2 style=\"text-align: center; color: #ffffff;\">UNSERE ZIMMER &amp; SUITEN<\/h2>\n<p>[\/vc_column_text][vc_separator color=&#8220;white&#8220; border_width=&#8220;3&#8243; el_width=&#8220;10&#8243;][vc_row_inner css=&#8220;.vc_custom_1474987896450{background-color: #ffffff !important;}&#8220;][vc_column_inner width=&#8220;1\/4&#8243;][vc_column_text]<\/p>\n<h4 style=\"text-align: center;\">Einzelzimmer<\/h4>\n<p>&nbsp;<\/p>\n<p style=\"text-align: center;\">Luxus-Bett<\/p>\n<hr \/>\n<p style=\"text-align: center;\">WLAN\/ TV\/ Kaffee &amp; Tee<\/p>\n<hr \/>\n<p style=\"text-align: center;\">Safe vorhanden<\/p>\n<hr \/>\n<p style=\"text-align: center;\">20 m\u00b2<\/p>\n<hr \/>\n<p>[\/vc_column_text][\/vc_column_inner][vc_column_inner width=&#8220;1\/4&#8243;][vc_column_text]<\/p>\n<h4 style=\"text-align: center;\">Doppelzimmer<\/h4>\n<p>&nbsp;<\/p>\n<p style=\"text-align: center;\">Luxus-Betten<\/p>\n<hr \/>\n<p style=\"text-align: center;\">WLAN\/ TV\/ Kaffee &amp; Tee<\/p>\n<hr \/>\n<p style=\"text-align: center;\">Safe vorhanden<\/p>\n<hr \/>\n<p style=\"text-align: center;\">25 m\u00b2<\/p>\n<hr \/>\n<p style=\"text-align: center;\">Gro\u00dfer Balkon<\/p>\n<hr \/>\n<p>[\/vc_column_text][\/vc_column_inner][vc_column_inner width=&#8220;1\/4&#8243;][vc_column_text]<\/p>\n<h4 style=\"text-align: center;\">Suite<\/h4>\n<p>&nbsp;<\/p>\n<p style=\"text-align: center;\">Luxus-Betten<\/p>\n<hr \/>\n<p style=\"text-align: center;\">WLAN\/ TV\/ Kaffee &amp; Tee<\/p>\n<hr \/>\n<p style=\"text-align: center;\">Safe vorhanden<\/p>\n<hr \/>\n<p style=\"text-align: center;\">45 m\u00b2<\/p>\n<hr \/>\n<p style=\"text-align: center;\">Gro\u00dfer Balkon<\/p>\n<hr \/>\n<p style=\"text-align: center;\">Salon, Garderobe, Schlafzimmer &amp; Luxus-Badezimmer<\/p>\n<hr \/>\n<p>[\/vc_column_text][\/vc_column_inner][vc_column_inner width=&#8220;1\/4&#8243;][vc_column_text]<\/p>\n<h4 style=\"text-align: center;\">Familienzimmer<\/h4>\n<p>&nbsp;<\/p>\n<p style=\"text-align: center;\">Luxus-Betten<\/p>\n<hr \/>\n<p style=\"text-align: center;\">WLAN\/ TV\/ Kaffee &amp; Tee<\/p>\n<hr \/>\n<p style=\"text-align: center;\">Safe vorhanden<\/p>\n<hr \/>\n<p style=\"text-align: center;\">75 m\u00b2<\/p>\n<hr \/>\n<p style=\"text-align: center;\">Zwei Schlafzimmer &amp; zwei luxuri\u00f6se Badezimmer<\/p>\n<hr \/>\n<p style=\"text-align: center;\">Salon &amp; garderobe<\/p>\n<hr \/>\n<p>[\/vc_column_text][\/vc_column_inner][\/vc_row_inner][vc_row_inner css=&#8220;.vc_custom_1474988346258{background-color: #ffffff !important;}&#8220;][vc_column_inner width=&#8220;1\/4&#8243;][vc_btn title=&#8220;Jetzt buchen&#8220; style=&#8220;outline&#8220; shape=&#8220;square&#8220; color=&#8220;black&#8220; align=&#8220;center&#8220; link=&#8220;url:https%3A%2F%2Fapi.mews.com%2Fdistributor%2Fa9fe454c-af92-4d97-9b5f-ae1b00966fa3||&#8220;][\/vc_column_inner][vc_column_inner width=&#8220;1\/4&#8243;][vc_btn title=&#8220;Jetzt buchen&#8220; style=&#8220;outline&#8220; shape=&#8220;square&#8220; color=&#8220;black&#8220; align=&#8220;center&#8220; link=&#8220;url:https%3A%2F%2Fapi.mews.com%2Fdistributor%2Fa9fe454c-af92-4d97-9b5f-ae1b00966fa3||&#8220;][\/vc_column_inner][vc_column_inner width=&#8220;1\/4&#8243;][vc_btn title=&#8220;Jetzt buchen&#8220; style=&#8220;outline&#8220; shape=&#8220;square&#8220; color=&#8220;black&#8220; align=&#8220;center&#8220; link=&#8220;url:https%3A%2F%2Fapi.mews.com%2Fdistributor%2Fa9fe454c-af92-4d97-9b5f-ae1b00966fa3||&#8220;][\/vc_column_inner][vc_column_inner width=&#8220;1\/4&#8243;][vc_btn title=&#8220;Jetzt buchen&#8220; style=&#8220;outline&#8220; shape=&#8220;square&#8220; color=&#8220;black&#8220; align=&#8220;center&#8220; link=&#8220;url:https%3A%2F%2Fapi.mews.com%2Fdistributor%2Fa9fe454c-af92-4d97-9b5f-ae1b00966fa3||&#8220;][\/vc_column_inner][\/vc_row_inner][\/vc_column][\/vc_row]<\/p>","protected":false},"excerpt":{"rendered":"<p>[vc_row][vc_column width=&#8220;1\/4&#8243;][\/vc_column][vc_column width=&#8220;1\/2&#8243;][vc_column_text css=&#8220;.vc_custom_1477659946219{margin-bottom: 15px !important;}&#8220;] Die Zimmer &amp; Suiten von Hotel Chez Jan [\/vc_column_text][vc_separator color=&#8220;black&#8220; border_width=&#8220;3&#8243; el_width=&#8220;10&#8243;][vc_column_text] Unser Hotel ist etwas ganz Besonderes und in seiner Art einzigartig. Mit 11 Zimmern, 2 Suiten und einer 4-Personen XXL Suite (mit &hellip; <a href=\"https:\/\/chezjan.com\/de\/zimmer-suiten\/\">Read More<\/a><\/p>\n","protected":false},"author":2,"featured_media":0,"parent":0,"menu_order":26,"comment_status":"closed","ping_status":"closed","template":"","meta":{"footnotes":""},"yst_prominent_words":[],"class_list":["post-1165","page","type-page","status-publish","hentry"],"_links":{"self":[{"href":"https:\/\/chezjan.com\/de\/wp-json\/wp\/v2\/pages\/1165\/"}],"collection":[{"href":"https:\/\/chezjan.com\/de\/wp-json\/wp\/v2\/pages\/"}],"about":[{"href":"https:\/\/chezjan.com\/de\/wp-json\/wp\/v2\/types\/page\/"}],"author":[{"embeddable":true,"href":"https:\/\/chezjan.com\/de\/wp-json\/wp\/v2\/users\/2\/"}],"replies":[{"embeddable":true,"href":"https:\/\/chezjan.com\/de\/wp-json\/wp\/v2\/comments\/?post=1165"}],"version-history":[{"count":27,"href":"https:\/\/chezjan.com\/de\/wp-json\/wp\/v2\/pages\/1165\/revisions\/"}],"predecessor-version":[{"id":8132,"href":"https:\/\/chezjan.com\/de\/wp-json\/wp\/v2\/pages\/1165\/revisions\/8132\/"}],"wp:attachment":[{"href":"https:\/\/chezjan.com\/de\/wp-json\/wp\/v2\/media\/?parent=1165"}],"wp:term":[{"taxonomy":"yst_prominent_words","embeddable":true,"href":"https:\/\/chezjan.com\/de\/wp-json\/wp\/v2\/yst_prominent_words\/?post=1165"}],"curies":[{"name":"wp","href":"https:\/\/api.w.org\/{rel}","templated":true}]}}